{"id":1380,"date":"2024-07-20T02:19:43","date_gmt":"2024-07-20T02:19:43","guid":{"rendered":"https:\/\/olcv2dev.wpenginepowered.com\/?page_id=1380"},"modified":"2025-04-01T18:25:36","modified_gmt":"2025-04-01T18:25:36","slug":"apprentissage-cognitif","status":"publish","type":"page","link":"https:\/\/olcv2dev.wpenginepowered.com\/fr\/apprentissage-cognitif\/","title":{"rendered":"Apprentissage cognitif"},"content":{"rendered":"\t\t<div data-elementor-type=\"wp-page\" data-elementor-id=\"1380\" class=\"elementor elementor-1380 elementor-449\" data-elementor-post-type=\"page\">\n\t\t\t\t<div class=\"elementor-element elementor-element-28e5cecb other-hero e-con-full e-flex e-con e-parent\" data-id=\"28e5cecb\" data-element_type=\"container\" data-e-type=\"container\" data-settings=\"{&quot;background_background&quot;:&quot;classic&quot;}\">\n\t\t<div class=\"elementor-element elementor-element-1e9d5c3c e-con-full e-flex e-con e-child\" data-id=\"1e9d5c3c\" data-element_type=\"container\" data-e-type=\"container\">\n\t\t\t\t<div class=\"elementor-element elementor-element-485a17e9 elementor-widget elementor-widget-heading\" data-id=\"485a17e9\" data-element_type=\"widget\" data-e-type=\"widget\" data-widget_type=\"heading.default\">\n\t\t\t\t<div class=\"elementor-widget-container\">\n\t\t\t\t\t<h1 class=\"elementor-heading-title elementor-size-default\">Apprentissage cognitif<\/h1>\t\t\t\t<\/div>\n\t\t\t\t<\/div>\n\t\t\t\t<\/div>\n\t\t\t\t<\/div>\n\t\t<div class=\"elementor-element elementor-element-10be1b9b e-flex e-con-boxed e-con e-parent\" data-id=\"10be1b9b\" data-element_type=\"container\" data-e-type=\"container\">\n\t\t\t\t\t<div class=\"e-con-inner\">\n\t\t<div class=\"elementor-element elementor-element-6aa0a9e9 e-con-full e-flex e-con e-child\" data-id=\"6aa0a9e9\" data-element_type=\"container\" data-e-type=\"container\">\n\t\t\t\t<div class=\"elementor-element elementor-element-57752db5 elementor-widget elementor-widget-heading\" data-id=\"57752db5\" data-element_type=\"widget\" data-e-type=\"widget\" data-widget_type=\"heading.default\">\n\t\t\t\t<div class=\"elementor-widget-container\">\n\t\t\t\t\t<h2 class=\"elementor-heading-title elementor-size-default\">Cognitive Learning Definition<\/h2>\t\t\t\t<\/div>\n\t\t\t\t<\/div>\n\t\t\t\t<div class=\"elementor-element elementor-element-3ab94361 elementor-widget elementor-widget-text-editor\" data-id=\"3ab94361\" data-element_type=\"widget\" data-e-type=\"widget\" data-widget_type=\"text-editor.default\">\n\t\t\t\t<div class=\"elementor-widget-container\">\n\t\t\t\t\t\t\t\t\t<h5 class=\"aluminum-color\"><strong>Cognitive learning is a style of learning that encourages students to use their brains more effectively. This way of learning encourages students to fully engage in the learning process so learning, thinking, and remembering get easier and easier.<\/strong><\/h5>\n<h5><strong>Cognitive learning isn\u2019t about memorization or repetition. When it comes down to it, it\u2019s all about learning how to learn.<\/strong><\/h5>\n\t\t\t\t\t\t\t\t<\/div>\n\t\t\t\t<\/div>\n\t\t\t\t<div class=\"elementor-element elementor-element-bbbf833 elementor-widget-divider--view-line elementor-widget elementor-widget-global elementor-global-195 elementor-widget-divider\" data-id=\"bbbf833\" data-element_type=\"widget\" data-e-type=\"widget\" data-widget_type=\"divider.default\">\n\t\t\t\t<div class=\"elementor-widget-container\">\n\t\t\t\t\t\t\t<div class=\"elementor-divider\">\n\t\t\t<span class=\"elementor-divider-separator\">\n\t\t\t\t\t\t<\/span>\n\t\t<\/div>\n\t\t\t\t\t\t<\/div>\n\t\t\t\t<\/div>\n\t\t\t\t<\/div>\n\t\t\t\t<div class=\"elementor-element elementor-element-d493dbd elementor-widget elementor-widget-heading\" data-id=\"d493dbd\" data-element_type=\"widget\" data-e-type=\"widget\" data-widget_type=\"heading.default\">\n\t\t\t\t<div class=\"elementor-widget-container\">\n\t\t\t\t\t<h2 class=\"elementor-heading-title elementor-size-default\">Using Cognitive Learning in School<\/h2>\t\t\t\t<\/div>\n\t\t\t\t<\/div>\n\t\t\t\t<div class=\"elementor-element elementor-element-7f469b4 elementor-widget elementor-widget-text-editor\" data-id=\"7f469b4\" data-element_type=\"widget\" data-e-type=\"widget\" data-widget_type=\"text-editor.default\">\n\t\t\t\t<div class=\"elementor-widget-container\">\n\t\t\t\t\t\t\t\t\t<p>At Oxford Learning\u00ae your child will be taught cognitive learning strategies to better focus on meaningful learning. Rather than relying on quick learning styles like memorization and repetition, our tutors teach students the fundamentals of lifelong learning. Your child will learn strategies and skills that will help them move toward better grades in school.<\/p>\n\t\t\t\t\t\t\t\t<\/div>\n\t\t\t\t<\/div>\n\t\t\t\t<div class=\"elementor-element elementor-element-b2e7e64 elementor-widget elementor-widget-video\" data-id=\"b2e7e64\" data-element_type=\"widget\" data-e-type=\"widget\" data-settings=\"{&quot;youtube_url&quot;:&quot;https:\\\/\\\/www.youtube.com\\\/watch?v=pZlWe9MOXlc&quot;,&quot;video_type&quot;:&quot;youtube&quot;,&quot;controls&quot;:&quot;yes&quot;}\" data-widget_type=\"video.default\">\n\t\t\t\t<div class=\"elementor-widget-container\">\n\t\t\t\t\t\t\t<div class=\"elementor-wrapper elementor-open-inline\">\n\t\t\t<div class=\"elementor-video\"><\/div>\t\t<\/div>\n\t\t\t\t\t\t<\/div>\n\t\t\t\t<\/div>\n\t\t\t\t<div class=\"elementor-element elementor-element-b53e19a elementor-widget elementor-widget-heading\" data-id=\"b53e19a\" data-element_type=\"widget\" data-e-type=\"widget\" data-widget_type=\"heading.default\">\n\t\t\t\t<div class=\"elementor-widget-container\">\n\t\t\t\t\t<h3 class=\"elementor-heading-title elementor-size-default\">Cognitive Learning Strategies Include:<\/h3>\t\t\t\t<\/div>\n\t\t\t\t<\/div>\n\t\t\t\t<div class=\"elementor-element elementor-element-a62e6a3 checkmark-list-dark no-left-margin-list elementor-widget elementor-widget-text-editor\" data-id=\"a62e6a3\" data-element_type=\"widget\" data-e-type=\"widget\" data-widget_type=\"text-editor.default\">\n\t\t\t\t<div class=\"elementor-widget-container\">\n\t\t\t\t\t\t\t\t\t<ul class=\"list\">\n<li>Encouraging active discussion about what is being taught<\/li>\n<li>Guiding students to explore and understand how ideas are connected<\/li>\n<li>Ensuring students are able to justify and explain their thinking<\/li>\n<li>Using visuals and learning tools to improve students\u2019 understanding and recall<\/li>\n<li>Having students reflect on their learning experience<\/li>\n<li>Helping students find new or alternative solutions to problems<\/li>\n<\/ul>\n\t\t\t\t\t\t\t\t<\/div>\n\t\t\t\t<\/div>\n\t\t\t\t<div class=\"elementor-element elementor-element-75d6644 elementor-widget-divider--view-line elementor-widget elementor-widget-global elementor-global-195 elementor-widget-divider\" data-id=\"75d6644\" data-element_type=\"widget\" data-e-type=\"widget\" data-widget_type=\"divider.default\">\n\t\t\t\t<div class=\"elementor-widget-container\">\n\t\t\t\t\t\t\t<div class=\"elementor-divider\">\n\t\t\t<span class=\"elementor-divider-separator\">\n\t\t\t\t\t\t<\/span>\n\t\t<\/div>\n\t\t\t\t\t\t<\/div>\n\t\t\t\t<\/div>\n\t\t\t\t<div class=\"elementor-element elementor-element-57c1385 elementor-widget elementor-widget-heading\" data-id=\"57c1385\" data-element_type=\"widget\" data-e-type=\"widget\" data-widget_type=\"heading.default\">\n\t\t\t\t<div class=\"elementor-widget-container\">\n\t\t\t\t\t<h2 class=\"elementor-heading-title elementor-size-default\">How Does Cognitive Learning Help?<\/h2>\t\t\t\t<\/div>\n\t\t\t\t<\/div>\n\t\t\t\t<div class=\"elementor-element elementor-element-776f91e elementor-widget elementor-widget-text-editor\" data-id=\"776f91e\" data-element_type=\"widget\" data-e-type=\"widget\" data-widget_type=\"text-editor.default\">\n\t\t\t\t<div class=\"elementor-widget-container\">\n\t\t\t\t\t\t\t\t\t<p>Cognitive learning helps students learn effectively and ensures that the concepts learned are understood, instead of being temporarily memorized. With this learning style, your child will have a stronger and longer-lasting understanding of educational concepts in subjects such as math, English, science and French.<\/p>\n<p>Cognitive skills are what separate the good learners from the so-so learners. Without developed cognitive skills, children fall behind because they aren\u2019t able to integrate new information as they are taught it. Realistically, most students move on to the next grade before they have mastered the basic academic skills.<\/p>\n<p><strong>Remember: The ability to learn and make sense of new information is crucial to successful learning \u2026 and that\u2019s why developing cognitive skills is so important. That\u2019s what we do.<\/strong><\/p>\n\t\t\t\t\t\t\t\t<\/div>\n\t\t\t\t<\/div>\n\t\t\t\t<div class=\"elementor-element elementor-element-7469792 elementor-widget elementor-widget-heading\" data-id=\"7469792\" data-element_type=\"widget\" data-e-type=\"widget\" data-widget_type=\"heading.default\">\n\t\t\t\t<div class=\"elementor-widget-container\">\n\t\t\t\t\t<h3 class=\"elementor-heading-title elementor-size-default\">Cognitive Learning Helps By:<\/h3>\t\t\t\t<\/div>\n\t\t\t\t<\/div>\n\t\t\t\t<div class=\"elementor-element elementor-element-fb175f1 checkmark-list-dark no-left-margin-list elementor-widget elementor-widget-text-editor\" data-id=\"fb175f1\" data-element_type=\"widget\" data-e-type=\"widget\" data-widget_type=\"text-editor.default\">\n\t\t\t\t<div class=\"elementor-widget-container\">\n\t\t\t\t\t\t\t\t\t<ul class=\"list\">\n<li>Finding the most effective way for your child to learn\u2014whether he or she is a visual learner, auditory learner, kinaesthetic learner, or otherwise<\/li>\n<li>Teaching your child how to take a \u201cbig picture\u201d approach to learning in order to understand how smaller thoughts fit into larger ideas<\/li>\n<li>Helping your child retain and apply new concepts successfully and with ease<\/li>\n<\/ul>\n\t\t\t\t\t\t\t\t<\/div>\n\t\t\t\t<\/div>\n\t\t\t\t<div class=\"elementor-element elementor-element-dc925c3 elementor-widget elementor-widget-text-editor\" data-id=\"dc925c3\" data-element_type=\"widget\" data-e-type=\"widget\" data-widget_type=\"text-editor.default\">\n\t\t\t\t<div class=\"elementor-widget-container\">\n\t\t\t\t\t\t\t\t\t<p><strong>To see the many benefits of the Cognitive Learning approach,\u00a0<a href=\"https:\/\/www.oxfordlearning.com\/locations\/\" target=\"_blank\" rel=\"noopener\">find an Oxford Learning location<\/a>\u00a0and enrol your child today!<\/strong><\/p>\n\t\t\t\t\t\t\t\t<\/div>\n\t\t\t\t<\/div>\n\t\t\t\t\t<\/div>\n\t\t\t\t<\/div>\n\t\t<div class=\"elementor-element elementor-element-22bd9303 e-flex e-con-boxed e-con e-parent\" data-id=\"22bd9303\" data-element_type=\"container\" data-e-type=\"container\" data-settings=\"{&quot;background_background&quot;:&quot;classic&quot;}\">\n\t\t\t\t\t<div class=\"e-con-inner\">\n\t\t\t\t<div class=\"elementor-element elementor-element-2e7d49b6 elementor-widget elementor-widget-heading\" data-id=\"2e7d49b6\" data-element_type=\"widget\" data-e-type=\"widget\" data-widget_type=\"heading.default\">\n\t\t\t\t<div class=\"elementor-widget-container\">\n\t\t\t\t\t<h2 class=\"elementor-heading-title elementor-size-default\">Find a Oxford Learning\u00ae Location Near You!<\/h2>\t\t\t\t<\/div>\n\t\t\t\t<\/div>\n\t\t\t\t<div class=\"elementor-element elementor-element-d013559 elementor-align-center elementor-widget elementor-widget-button\" data-id=\"d013559\" data-element_type=\"widget\" data-e-type=\"widget\" data-widget_type=\"button.default\">\n\t\t\t\t<div class=\"elementor-widget-container\">\n\t\t\t\t\t\t\t\t\t<div class=\"elementor-button-wrapper\">\n\t\t\t\t\t<a class=\"elementor-button elementor-button-link elementor-size-sm\" href=\"\/fr\/locations\/\">\n\t\t\t\t\t\t<span class=\"elementor-button-content-wrapper\">\n\t\t\t\t\t\t<span class=\"elementor-button-icon\">\n\t\t\t\t<svg aria-hidden=\"true\" class=\"e-font-icon-svg e-fas-map-marker-alt\" viewBox=\"0 0 384 512\" xmlns=\"http:\/\/www.w3.org\/2000\/svg\"><path d=\"M172.268 501.67C26.97 291.031 0 269.413 0 192 0 85.961 85.961 0 192 0s192 85.961 192 192c0 77.413-26.97 99.031-172.268 309.67-9.535 13.774-29.93 13.773-39.464 0zM192 272c44.183 0 80-35.817 80-80s-35.817-80-80-80-80 35.817-80 80 35.817 80 80 80z\"><\/path><\/svg>\t\t\t<\/span>\n\t\t\t\t\t\t\t\t\t<span class=\"elementor-button-text\">Contact Your Nearest Location<\/span>\n\t\t\t\t\t<\/span>\n\t\t\t\t\t<\/a>\n\t\t\t\t<\/div>\n\t\t\t\t\t\t\t\t<\/div>\n\t\t\t\t<\/div>\n\t\t\t\t\t<\/div>\n\t\t\t\t<\/div>\n\t\t<div class=\"elementor-element elementor-element-859208c e-con-full e-flex e-con e-parent\" data-id=\"859208c\" data-element_type=\"container\" data-e-type=\"container\">\n\t\t\t\t<div class=\"elementor-element elementor-element-a71b5db elementor-widget elementor-widget-template\" data-id=\"a71b5db\" data-element_type=\"widget\" data-e-type=\"widget\" data-widget_type=\"template.default\">\n\t\t\t\t<div class=\"elementor-widget-container\">\n\t\t\t\t\t\t\t<div class=\"elementor-template\">\n\t\t\t\t\t<div data-elementor-type=\"section\" data-elementor-id=\"1075\" class=\"elementor elementor-1075 elementor-281 elementor-281\" data-elementor-post-type=\"elementor_library\">\n\t\t\t<div class=\"elementor-element elementor-element-5900338 e-flex e-con-boxed e-con e-parent\" data-id=\"5900338\" data-element_type=\"container\" data-e-type=\"container\" data-settings=\"{&quot;background_background&quot;:&quot;classic&quot;}\">\n\t\t\t\t\t<div class=\"e-con-inner\">\n\t\t<div class=\"elementor-element elementor-element-3624205 e-con-full e-flex e-con e-child\" data-id=\"3624205\" data-element_type=\"container\" data-e-type=\"container\">\n\t\t\t\t<div class=\"elementor-element elementor-element-0a4ac8c elementor-widget elementor-widget-heading\" data-id=\"0a4ac8c\" data-element_type=\"widget\" data-e-type=\"widget\" data-widget_type=\"heading.default\">\n\t\t\t\t<div class=\"elementor-widget-container\">\n\t\t\t\t\t<h2 class=\"elementor-heading-title elementor-size-default\">Rejoignez <span class=\"list-line\">la liste d\u2019envoi<\/span> du Centre d'apprentissage Oxford<\/h2>\t\t\t\t<\/div>\n\t\t\t\t<\/div>\n\t\t\t\t<div class=\"elementor-element elementor-element-776e7c9 elementor-widget elementor-widget-heading\" data-id=\"776e7c9\" data-element_type=\"widget\" data-e-type=\"widget\" data-widget_type=\"heading.default\">\n\t\t\t\t<div class=\"elementor-widget-container\">\n\t\t\t\t\t<span class=\"elementor-heading-title elementor-size-default\">Recevez chaque semaine des conseils d'apprentissage et des articles sur l'\u00e9ducation directement dans votre bo\u00eete aux lettres \u00e9lectronique. Inscrivez-vous d\u00e8s aujourd'hui !<\/span>\t\t\t\t<\/div>\n\t\t\t\t<\/div>\n\t\t\t\t<\/div>\n\t\t<div class=\"elementor-element elementor-element-edd9972 e-con-full e-flex e-con e-child\" data-id=\"edd9972\" data-element_type=\"container\" data-e-type=\"container\">\n\t\t\t\t<div class=\"elementor-element elementor-element-89e5762 elementor-button-align-stretch elementor-widget elementor-widget-form\" data-id=\"89e5762\" data-element_type=\"widget\" data-e-type=\"widget\" data-settings=\"{&quot;button_width&quot;:&quot;33&quot;,&quot;step_next_label&quot;:&quot;suivant&quot;,&quot;step_previous_label&quot;:&quot;pr\\u00e9c\\u00e9dent&quot;,&quot;step_type&quot;:&quot;number_text&quot;,&quot;step_icon_shape&quot;:&quot;circle&quot;}\" data-widget_type=\"form.default\">\n\t\t\t\t<div class=\"elementor-widget-container\">\n\t\t\t\t\t\t\t<form class=\"elementor-form\" method=\"post\" name=\"kh_newsletter\" aria-label=\"kh_newsletter\">\n\t\t\t<input type=\"hidden\" name=\"post_id\" value=\"1075\"\/>\n\t\t\t<input type=\"hidden\" name=\"form_id\" value=\"89e5762\"\/>\n\t\t\t<input type=\"hidden\" name=\"referer_title\" value=\"Niveaux scolaires\" \/>\n\n\t\t\t\t\t\t\t<input type=\"hidden\" name=\"queried_id\" value=\"1394\"\/>\n\t\t\t\n\t\t\t<div class=\"elementor-form-fields-wrapper elementor-labels-\">\n\t\t\t\t\t\t\t\t<div class=\"elementor-field-type-email elementor-field-group elementor-column elementor-field-group-kh_dn_email elementor-col-70 elementor-field-required\">\n\t\t\t\t\t\t\t\t\t\t\t\t<label for=\"form-field-kh_dn_email\" class=\"elementor-field-label elementor-screen-only\">\n\t\t\t\t\t\t\t\tEmail\t\t\t\t\t\t\t<\/label>\n\t\t\t\t\t\t\t\t\t\t\t\t\t\t<input size=\"1\" type=\"email\" name=\"form_fields[kh_dn_email]\" id=\"form-field-kh_dn_email\" class=\"elementor-field elementor-size-xl  elementor-field-textual\" placeholder=\"Saisissez votre adresse courriel\" required=\"required\">\n\t\t\t\t\t\t\t\t\t\t\t<\/div>\n\t\t\t\t\t\t\t\t<div class=\"elementor-field-type-text\">\n\t\t\t\t\t<input size=\"1\" type=\"text\" name=\"form_fields[field_ae220f6]\" id=\"form-field-field_ae220f6\" class=\"elementor-field elementor-size-xl \" style=\"display:none !important;\">\t\t\t\t<\/div>\n\t\t\t\t\t\t\t\t<div class=\"elementor-field-type-recaptcha_v3 elementor-field-group elementor-column elementor-field-group-field_763ce0c elementor-col-100 recaptcha_v3-bottomright\">\n\t\t\t\t\t<div class=\"elementor-field\" id=\"form-field-field_763ce0c\"><div class=\"elementor-g-recaptcha\" data-sitekey=\"6Lc8IQ0qAAAAAFO8P1d4PL_M0WF2_LY1_aQOMQ-d\" data-type=\"v3\" data-action=\"Form\" data-badge=\"bottomright\" data-size=\"invisible\"><\/div><\/div>\t\t\t\t<\/div>\n\t\t\t\t\t\t\t\t<div class=\"elementor-field-type-hidden elementor-field-group elementor-column elementor-field-group-kh_dn_address_book elementor-col-100\">\n\t\t\t\t\t\t\t\t\t\t\t\t\t<input size=\"1\" type=\"hidden\" name=\"form_fields[kh_dn_address_book]\" id=\"form-field-kh_dn_address_book\" class=\"elementor-field elementor-size-xl  elementor-field-textual\" value=\"309870\">\n\t\t\t\t\t\t\t\t\t\t\t<\/div>\n\t\t\t\t\t\t\t\t<div class=\"elementor-field-type-hidden elementor-field-group elementor-column elementor-field-group-kh_dn_program elementor-col-100\">\n\t\t\t\t\t\t\t\t\t\t\t\t\t<input size=\"1\" type=\"hidden\" name=\"form_fields[kh_dn_program]\" id=\"form-field-kh_dn_program\" class=\"elementor-field elementor-size-xl  elementor-field-textual\" value=\"155968\">\n\t\t\t\t\t\t\t\t\t\t\t<\/div>\n\t\t\t\t\t\t\t\t<div class=\"elementor-field-group elementor-column elementor-field-type-submit elementor-col-33 e-form__buttons\">\n\t\t\t\t\t<button class=\"elementor-button elementor-size-sm\" type=\"submit\">\n\t\t\t\t\t\t<span class=\"elementor-button-content-wrapper\">\n\t\t\t\t\t\t\t\t\t\t\t\t\t\t\t\t\t\t\t\t\t\t<span class=\"elementor-button-text\">S'abonner<\/span>\n\t\t\t\t\t\t\t\t\t\t\t\t\t<\/span>\n\t\t\t\t\t<\/button>\n\t\t\t\t<\/div>\n\t\t\t<\/div>\n\t\t<\/form>\n\t\t\t\t\t\t<\/div>\n\t\t\t\t<\/div>\n\t\t\t\t<\/div>\n\t\t\t\t\t<\/div>\n\t\t\t\t<\/div>\n\t\t\t\t<\/div>\n\t\t\t\t<\/div>\n\t\t\t\t\t\t<\/div>\n\t\t\t\t<\/div>\n\t\t\t\t<\/div>\n\t\t\t\t<\/div>\n\t\t","protected":false},"excerpt":{"rendered":"<p>Cognitive Learning Definition Cognitive learning is a style of learning that encourages students to use their brains more effectively. This way of learning encourages students to fully engage in the learning process so learning, thinking, and remembering get easier and easier. Cognitive learning isn\u2019t about memorization or repetition. When it comes down to it, it\u2019s [&hellip;] [&hellip;]<\/p>\n","protected":false},"author":3,"featured_media":1381,"parent":0,"menu_order":0,"comment_status":"closed","ping_status":"closed","template":"elementor_header_footer","meta":{"footnotes":""},"class_list":["post-1380","page","type-page","status-publish","has-post-thumbnail","hentry"],"meta_box":[],"_links":{"self":[{"href":"https:\/\/olcv2dev.wpenginepowered.com\/fr\/wp-json\/wp\/v2\/pages\/1380","targetHints":{"allow":["GET"]}}],"collection":[{"href":"https:\/\/olcv2dev.wpenginepowered.com\/fr\/wp-json\/wp\/v2\/pages"}],"about":[{"href":"https:\/\/olcv2dev.wpenginepowered.com\/fr\/wp-json\/wp\/v2\/types\/page"}],"author":[{"embeddable":true,"href":"https:\/\/olcv2dev.wpenginepowered.com\/fr\/wp-json\/wp\/v2\/users\/3"}],"replies":[{"embeddable":true,"href":"https:\/\/olcv2dev.wpenginepowered.com\/fr\/wp-json\/wp\/v2\/comments?post=1380"}],"version-history":[{"count":0,"href":"https:\/\/olcv2dev.wpenginepowered.com\/fr\/wp-json\/wp\/v2\/pages\/1380\/revisions"}],"wp:featuredmedia":[{"embeddable":true,"href":"https:\/\/olcv2dev.wpenginepowered.com\/fr\/wp-json\/wp\/v2\/media\/1381"}],"wp:attachment":[{"href":"https:\/\/olcv2dev.wpenginepowered.com\/fr\/wp-json\/wp\/v2\/media?parent=1380"}],"curies":[{"name":"wp","href":"https:\/\/api.w.org\/{rel}","templated":true}]}}