{"id":1388,"date":"2024-07-18T07:38:43","date_gmt":"2024-07-18T07:38:43","guid":{"rendered":"https:\/\/olcv2dev.wpenginepowered.com\/?page_id=1388"},"modified":"2024-12-02T20:23:07","modified_gmt":"2024-12-02T20:23:07","slug":"matieres-offertes","status":"publish","type":"page","link":"https:\/\/olcv2dev.wpenginepowered.com\/fr\/matieres-offertes\/","title":{"rendered":"Mati\u00e8res offertes"},"content":{"rendered":"\t\t<div data-elementor-type=\"wp-page\" data-elementor-id=\"1388\" class=\"elementor elementor-1388 elementor-489\" data-elementor-post-type=\"page\">\n\t\t\t\t<div class=\"elementor-element elementor-element-7f97aa05 other-hero e-con-full e-flex e-con e-parent\" data-id=\"7f97aa05\" data-element_type=\"container\" data-e-type=\"container\" data-settings=\"{&quot;background_background&quot;:&quot;classic&quot;}\">\n\t\t<div class=\"elementor-element elementor-element-7daa737b e-con-full e-flex e-con e-child\" data-id=\"7daa737b\" data-element_type=\"container\" data-e-type=\"container\">\n\t\t\t\t<div class=\"elementor-element elementor-element-194c7a7 elementor-widget elementor-widget-heading\" data-id=\"194c7a7\" data-element_type=\"widget\" data-e-type=\"widget\" data-widget_type=\"heading.default\">\n\t\t\t\t<div class=\"elementor-widget-container\">\n\t\t\t\t\t<h1 class=\"elementor-heading-title elementor-size-default\">Tutoring For Every Subject<\/h1>\t\t\t\t<\/div>\n\t\t\t\t<\/div>\n\t\t\t\t<\/div>\n\t\t\t\t<\/div>\n\t\t<div class=\"elementor-element elementor-element-3b72e2ca e-flex e-con-boxed e-con e-parent\" data-id=\"3b72e2ca\" data-element_type=\"container\" data-e-type=\"container\">\n\t\t\t\t\t<div class=\"e-con-inner\">\n\t\t<div class=\"elementor-element elementor-element-38ef6164 e-con-full e-flex e-con e-child\" data-id=\"38ef6164\" data-element_type=\"container\" data-e-type=\"container\">\n\t\t\t\t<div class=\"elementor-element elementor-element-3b7dbdca elementor-widget elementor-widget-heading\" data-id=\"3b7dbdca\" data-element_type=\"widget\" data-e-type=\"widget\" data-widget_type=\"heading.default\">\n\t\t\t\t<div class=\"elementor-widget-container\">\n\t\t\t\t\t<h2 class=\"elementor-heading-title elementor-size-default\">Du tutorat dans toutes les mati\u00e8res\n<\/h2>\t\t\t\t<\/div>\n\t\t\t\t<\/div>\n\t\t\t\t<div class=\"elementor-element elementor-element-ed21e76 elementor-widget elementor-widget-heading\" data-id=\"ed21e76\" data-element_type=\"widget\" data-e-type=\"widget\" data-widget_type=\"heading.default\">\n\t\t\t\t<div class=\"elementor-widget-container\">\n\t\t\t\t\t<h3 class=\"elementor-heading-title elementor-size-default\">Peu importe la mati\u00e8re ou le niveau scolaire, les programmes de tutorat d\u2019Oxford Learning peuvent vous aider.<\/h3>\t\t\t\t<\/div>\n\t\t\t\t<\/div>\n\t\t\t\t<\/div>\n\t\t\t\t\t<\/div>\n\t\t\t\t<\/div>\n\t\t<div class=\"elementor-element elementor-element-6b34b3d3 e-flex e-con-boxed e-con e-parent\" data-id=\"6b34b3d3\" data-element_type=\"container\" data-e-type=\"container\">\n\t\t\t\t\t<div class=\"e-con-inner\">\n\t\t<div class=\"elementor-element elementor-element-241a48f e-con-full e-flex e-con e-child\" data-id=\"241a48f\" data-element_type=\"container\" data-e-type=\"container\">\n\t\t\t\t<div class=\"elementor-element elementor-element-664f8427 elementor-widget elementor-widget-heading\" data-id=\"664f8427\" data-element_type=\"widget\" data-e-type=\"widget\" data-widget_type=\"heading.default\">\n\t\t\t\t<div class=\"elementor-widget-container\">\n\t\t\t\t\t<h2 class=\"elementor-heading-title elementor-size-default\">Au-del\u00e0 des mati\u00e8res de base<\/h2>\t\t\t\t<\/div>\n\t\t\t\t<\/div>\n\t\t\t\t<div class=\"elementor-element elementor-element-40aa36c7 elementor-widget elementor-widget-text-editor\" data-id=\"40aa36c7\" data-element_type=\"widget\" data-e-type=\"widget\" data-widget_type=\"text-editor.default\">\n\t\t\t\t<div class=\"elementor-widget-container\">\n\t\t\t\t\t\t\t\t\t<div class=\"row padding-v-default padding-b-0\"><p>\u00a0<\/p><div class=\"columns medium-centered medium-10 large-7 text-center\"><p>La lecture, l\u2019\u00e9criture et les math\u00e9matiques sont les trois mati\u00e8res dans lesquelles nos \u00e9l\u00e8ves ont le plus de difficult\u00e9s. Nos programmes les aident \u00e0 relever les d\u00e9fis rencontr\u00e9s dans ces mati\u00e8res autant que dans toutes les autres et ce, de l\u2019apprentissage de la lecture \u00e0 la pr\u00e9paration aux examens d\u2019entr\u00e9e au coll\u00e8ge.<\/p><p>Quelle que soit la mati\u00e8re scolaire travaill\u00e9e, les programmes d\u2019Oxford Learning soulignent l\u2019importance de la pens\u00e9e active puisque sans elle, l\u2019\u00e9l\u00e8ve ne saisit jamais r\u00e9ellement un concept. Nous enseignons donc \u00e0 nos \u00e9l\u00e8ves \u00e0 penser activement \u00e0 ce qu\u2019ils apprennent, pour leur permettre de d\u00e9velopper une r\u00e9elle compr\u00e9hension d\u2019une mati\u00e8re ou d\u2019un concept.<\/p><p>En mettant l\u2019accent sur le d\u00e9veloppement cognitif, les \u00e9l\u00e8ves apprennent \u00e0 penser activement \u00e0 ce qu\u2019ils apprennent. De cette fa\u00e7on, m\u00eame s\u2019ils abordent une toute nouvelle notion, ils peuvent se servir de leurs comp\u00e9tences en voie d\u2019obtention pour mieux comprendre. C\u2019est une approche de l\u2019apprentissage qui aide les \u00e9l\u00e8ves \u00e0 mieux r\u00e9ussir dans toutes les mati\u00e8res.<\/p><\/div><\/div>\t\t\t\t\t\t\t\t<\/div>\n\t\t\t\t<\/div>\n\t\t\t\t<\/div>\n\t\t\t\t\t<\/div>\n\t\t\t\t<\/div>\n\t\t<div class=\"elementor-element elementor-element-572ee27e e-flex e-con-boxed e-con e-parent\" data-id=\"572ee27e\" data-element_type=\"container\" data-e-type=\"container\">\n\t\t\t\t\t<div class=\"e-con-inner\">\n\t\t<div class=\"elementor-element elementor-element-3ee36825 e-con-full e-flex e-con e-child\" data-id=\"3ee36825\" data-element_type=\"container\" data-e-type=\"container\">\n\t\t\t\t<div class=\"elementor-element elementor-element-ce3e8c6 elementor-widget elementor-widget-shortcode\" data-id=\"ce3e8c6\" data-element_type=\"widget\" data-e-type=\"widget\" data-widget_type=\"shortcode.default\">\n\t\t\t\t<div class=\"elementor-widget-container\">\n\t\t\t\t\t\t\t<div class=\"elementor-shortcode\"><div class=\"kh-subject-area-grid-container\">\n  <div class=\"kh-subject-area-grid-wrap\">\n    <div class=\"kh-subject-area-grid-item\"><a href=\"https:\/\/olcv2dev.wpenginepowered.com\/fr\/matieres-offertes\/aide-aux-devoirs\/\"><img decoding=\"async\" src=\"https:\/\/olcv2dev.wpenginepowered.com\/wp-content\/uploads\/2024\/07\/icon-Homework-1.png\"><h4>Aide aux devoirs<\/h4><\/a><\/div>\n    <div class=\"kh-subject-area-grid-item\"><a href=\"https:\/\/olcv2dev.wpenginepowered.com\/fr\/matieres-offertes\/apprentissage-ete\/\"><img decoding=\"async\" src=\"https:\/\/olcv2dev.wpenginepowered.com\/wp-content\/uploads\/2024\/07\/icon-Summer.png\"><h4>Apprentissage d\u2019\u00e9t\u00e9<\/h4><\/a><\/div>\n    <div class=\"kh-subject-area-grid-item\"><a href=\"https:\/\/olcv2dev.wpenginepowered.com\/fr\/matieres-offertes\/cours-examens-sat-act\/\"><img decoding=\"async\" src=\"https:\/\/olcv2dev.wpenginepowered.com\/wp-content\/uploads\/2024\/07\/icon-HighSchool.png\"><h4>Cours de pr\u00e9paration aux examens SAT\/ACT<\/h4><\/a><\/div>\n    <div class=\"kh-subject-area-grid-item\"><a href=\"https:\/\/olcv2dev.wpenginepowered.com\/fr\/matieres-offertes\/enrichissement\/\"><img decoding=\"async\" src=\"https:\/\/olcv2dev.wpenginepowered.com\/wp-content\/uploads\/2024\/07\/icon-Enrichment-2.png\"><h4>Enrichissement<\/h4><\/a><\/div>\n    <div class=\"kh-subject-area-grid-item\"><a href=\"https:\/\/olcv2dev.wpenginepowered.com\/fr\/matieres-offertes\/cours-examens-ssat\/\"><h4>Pr\u00e9paration au SSAT<\/h4><\/a><\/div>\n    <div class=\"kh-subject-area-grid-item\"><a href=\"https:\/\/olcv2dev.wpenginepowered.com\/fr\/matieres-offertes\/tutorat-anglais\/\"><img decoding=\"async\" src=\"https:\/\/olcv2dev.wpenginepowered.com\/wp-content\/uploads\/2024\/09\/icon-English-2.png\"><h4>Tutorat anglais<\/h4><\/a><\/div>\n    <div class=\"kh-subject-area-grid-item\"><a href=\"https:\/\/olcv2dev.wpenginepowered.com\/fr\/matieres-offertes\/tutorat-anglais-langue-seconde\/\"><img decoding=\"async\" src=\"https:\/\/olcv2dev.wpenginepowered.com\/wp-content\/uploads\/2024\/09\/icon-esl-program.png\"><h4>Tutorat anglais langue seconde<\/h4><\/a><\/div>\n    <div class=\"kh-subject-area-grid-item\"><a href=\"https:\/\/olcv2dev.wpenginepowered.com\/fr\/matieres-offertes\/tutorat-strategies-etude\/\"><img decoding=\"async\" src=\"https:\/\/olcv2dev.wpenginepowered.com\/wp-content\/uploads\/2024\/09\/icon-Studying-1.png\"><h4>Tutorat des strat\u00e9gies d\u2019\u00e9tude<\/h4><\/a><\/div>\n    <div class=\"kh-subject-area-grid-item\"><a href=\"https:\/\/olcv2dev.wpenginepowered.com\/fr\/matieres-offertes\/tutorat-difficultes-apprentissage\/\"><img decoding=\"async\" src=\"https:\/\/olcv2dev.wpenginepowered.com\/wp-content\/uploads\/2024\/07\/learning-difficulties-icon.png\"><h4>Tutorat difficult\u00e9s d\u2019apprentissage<\/h4><\/a><\/div>\n    <div class=\"kh-subject-area-grid-item\"><a href=\"https:\/\/olcv2dev.wpenginepowered.com\/fr\/matieres-offertes\/tutorat-en-ecriture\/\"><img decoding=\"async\" src=\"https:\/\/olcv2dev.wpenginepowered.com\/wp-content\/uploads\/2024\/10\/icon-Writing.png\"><h4>Tutorat en \u00e9criture<\/h4><\/a><\/div>\n    <div class=\"kh-subject-area-grid-item\"><a href=\"https:\/\/olcv2dev.wpenginepowered.com\/fr\/matieres-offertes\/tutorat-en-lecture\/\"><img decoding=\"async\" src=\"https:\/\/olcv2dev.wpenginepowered.com\/wp-content\/uploads\/2024\/09\/icon-Reading.png\"><h4>Tutorat en lecture<\/h4><\/a><\/div>\n    <div class=\"kh-subject-area-grid-item\"><a href=\"https:\/\/olcv2dev.wpenginepowered.com\/fr\/matieres-offertes\/tutorat-francais\/\"><img decoding=\"async\" src=\"https:\/\/olcv2dev.wpenginepowered.com\/wp-content\/uploads\/2024\/07\/icon-FrenchProgram.png\"><h4>Tutorat fran\u00e7ais<\/h4><\/a><\/div>\n    <div class=\"kh-subject-area-grid-item\"><a href=\"https:\/\/olcv2dev.wpenginepowered.com\/fr\/matieres-offertes\/tutorat-mathematiques\/\"><img decoding=\"async\" src=\"https:\/\/olcv2dev.wpenginepowered.com\/wp-content\/uploads\/2024\/09\/icon-Math.png\"><h4>Tutorat math\u00e9matiques<\/h4><\/a><\/div>\n    <div class=\"kh-subject-area-grid-item\"><a href=\"https:\/\/olcv2dev.wpenginepowered.com\/fr\/matieres-offertes\/tutorat-sciences\/\"><img decoding=\"async\" src=\"https:\/\/olcv2dev.wpenginepowered.com\/wp-content\/uploads\/2024\/07\/icon-Science-2.png\"><h4>Tutorat sciences<\/h4><\/a><\/div>\n  <\/div>\n<\/div>\n<\/div>\n\t\t\t\t\t\t<\/div>\n\t\t\t\t<\/div>\n\t\t\t\t<\/div>\n\t\t\t\t\t<\/div>\n\t\t\t\t<\/div>\n\t\t<div class=\"elementor-element elementor-element-26e09d9d e-flex e-con-boxed e-con e-parent\" data-id=\"26e09d9d\" data-element_type=\"container\" data-e-type=\"container\" data-settings=\"{&quot;background_background&quot;:&quot;classic&quot;}\">\n\t\t\t\t\t<div class=\"e-con-inner\">\n\t\t<div class=\"elementor-element elementor-element-2456c229 e-con-full e-flex e-con e-child\" data-id=\"2456c229\" data-element_type=\"container\" data-e-type=\"container\">\n\t\t\t\t<div class=\"elementor-element elementor-element-3774a705 rays elementor-widget elementor-widget-heading\" data-id=\"3774a705\" data-element_type=\"widget\" data-e-type=\"widget\" data-widget_type=\"heading.default\">\n\t\t\t\t<div class=\"elementor-widget-container\">\n\t\t\t\t\t<h2 class=\"elementor-heading-title elementor-size-default\">Ce que disent\nles parents et les \u00e9l\u00e8ves...<\/h2>\t\t\t\t<\/div>\n\t\t\t\t<\/div>\n\t\t\t\t<div class=\"elementor-element elementor-element-cc0da1b elementor-blockquote--skin-clean elementor-widget elementor-widget-blockquote\" data-id=\"cc0da1b\" data-element_type=\"widget\" data-e-type=\"widget\" data-widget_type=\"blockquote.default\">\n\t\t\t\t<div class=\"elementor-widget-container\">\n\t\t\t\t\t\t\t<blockquote class=\"elementor-blockquote\">\n\t\t\t<p class=\"elementor-blockquote__content\">\n\t\t\t\tWe originally had Chloe going to Oxford Learning two days a week, but when we noticed how much she flourished and enjoyed it, we quickly signed her up for a third morning. Chloe\u2019s eyes light up when she tells us about her mornings, and she asks if she has school in the mornings during our bedtime talks. She shrieks when we tell her that she does. We think that she would happily attend every day of the week! Our experience at Oxford Learning has been absolutely wonderful; you\u2019ve given her a love of learning.\t\t\t<\/p>\n\t\t\t\t\t\t\t<div class=\"e-q-footer\">\n\t\t\t\t\t\t\t\t\t\t\t<cite class=\"elementor-blockquote__author\">M and G Vogiatis, St. Catharines<\/cite>\n\t\t\t\t\t\t\t\t\t\t\t\t\t\t<\/div>\n\t\t\t\t\t<\/blockquote>\n\t\t\t\t\t\t<\/div>\n\t\t\t\t<\/div>\n\t\t\t\t<\/div>\n\t\t\t\t\t<\/div>\n\t\t\t\t<\/div>\n\t\t\t\t<section class=\"elementor-section elementor-top-section elementor-element elementor-element-1a14ceb elementor-section-full_width elementor-section-height-default elementor-section-height-default\" data-id=\"1a14ceb\" data-element_type=\"section\" data-e-type=\"section\">\n\t\t\t\t\t\t<div class=\"elementor-container elementor-column-gap-default\">\n\t\t\t\t\t<div class=\"elementor-column elementor-col-100 elementor-top-column elementor-element elementor-element-14c4235\" data-id=\"14c4235\" data-element_type=\"column\" data-e-type=\"column\">\n\t\t\t<div class=\"elementor-widget-wrap elementor-element-populated\">\n\t\t\t\t\t\t<div class=\"elementor-element elementor-element-5c8f8aa elementor-widget elementor-widget-template\" data-id=\"5c8f8aa\" data-element_type=\"widget\" data-e-type=\"widget\" data-widget_type=\"template.default\">\n\t\t\t\t<div class=\"elementor-widget-container\">\n\t\t\t\t\t\t\t<div class=\"elementor-template\">\n\t\t\t\t\t<div data-elementor-type=\"section\" data-elementor-id=\"1075\" class=\"elementor elementor-1075 elementor-281 elementor-281\" data-elementor-post-type=\"elementor_library\">\n\t\t\t<div class=\"elementor-element elementor-element-5900338 e-flex e-con-boxed e-con e-parent\" data-id=\"5900338\" data-element_type=\"container\" data-e-type=\"container\" data-settings=\"{&quot;background_background&quot;:&quot;classic&quot;}\">\n\t\t\t\t\t<div class=\"e-con-inner\">\n\t\t<div class=\"elementor-element elementor-element-3624205 e-con-full e-flex e-con e-child\" data-id=\"3624205\" data-element_type=\"container\" data-e-type=\"container\">\n\t\t\t\t<div class=\"elementor-element elementor-element-0a4ac8c elementor-widget elementor-widget-heading\" data-id=\"0a4ac8c\" data-element_type=\"widget\" data-e-type=\"widget\" data-widget_type=\"heading.default\">\n\t\t\t\t<div class=\"elementor-widget-container\">\n\t\t\t\t\t<h2 class=\"elementor-heading-title elementor-size-default\">Rejoignez <span class=\"list-line\">la liste d\u2019envoi<\/span> du Centre d'apprentissage Oxford<\/h2>\t\t\t\t<\/div>\n\t\t\t\t<\/div>\n\t\t\t\t<div class=\"elementor-element elementor-element-776e7c9 elementor-widget elementor-widget-heading\" data-id=\"776e7c9\" data-element_type=\"widget\" data-e-type=\"widget\" data-widget_type=\"heading.default\">\n\t\t\t\t<div class=\"elementor-widget-container\">\n\t\t\t\t\t<span class=\"elementor-heading-title elementor-size-default\">Recevez chaque semaine des conseils d'apprentissage et des articles sur l'\u00e9ducation directement dans votre bo\u00eete aux lettres \u00e9lectronique. Inscrivez-vous d\u00e8s aujourd'hui !<\/span>\t\t\t\t<\/div>\n\t\t\t\t<\/div>\n\t\t\t\t<\/div>\n\t\t<div class=\"elementor-element elementor-element-edd9972 e-con-full e-flex e-con e-child\" data-id=\"edd9972\" data-element_type=\"container\" data-e-type=\"container\">\n\t\t\t\t<div class=\"elementor-element elementor-element-89e5762 elementor-button-align-stretch elementor-widget elementor-widget-form\" data-id=\"89e5762\" data-element_type=\"widget\" data-e-type=\"widget\" data-settings=\"{&quot;button_width&quot;:&quot;33&quot;,&quot;step_next_label&quot;:&quot;suivant&quot;,&quot;step_previous_label&quot;:&quot;pr\\u00e9c\\u00e9dent&quot;,&quot;step_type&quot;:&quot;number_text&quot;,&quot;step_icon_shape&quot;:&quot;circle&quot;}\" data-widget_type=\"form.default\">\n\t\t\t\t<div class=\"elementor-widget-container\">\n\t\t\t\t\t\t\t<form class=\"elementor-form\" method=\"post\" name=\"kh_newsletter\" aria-label=\"kh_newsletter\">\n\t\t\t<input type=\"hidden\" name=\"post_id\" value=\"1075\"\/>\n\t\t\t<input type=\"hidden\" name=\"form_id\" value=\"89e5762\"\/>\n\t\t\t<input type=\"hidden\" name=\"referer_title\" value=\"Tutorat math\u00e9matiques, 6e ann\u00e9e\" \/>\n\n\t\t\t\t\t\t\t<input type=\"hidden\" name=\"queried_id\" value=\"1810\"\/>\n\t\t\t\n\t\t\t<div class=\"elementor-form-fields-wrapper elementor-labels-\">\n\t\t\t\t\t\t\t\t<div class=\"elementor-field-type-email elementor-field-group elementor-column elementor-field-group-kh_dn_email elementor-col-70 elementor-field-required\">\n\t\t\t\t\t\t\t\t\t\t\t\t<label for=\"form-field-kh_dn_email\" class=\"elementor-field-label elementor-screen-only\">\n\t\t\t\t\t\t\t\tEmail\t\t\t\t\t\t\t<\/label>\n\t\t\t\t\t\t\t\t\t\t\t\t\t\t<input size=\"1\" type=\"email\" name=\"form_fields[kh_dn_email]\" id=\"form-field-kh_dn_email\" class=\"elementor-field elementor-size-xl  elementor-field-textual\" placeholder=\"Saisissez votre adresse courriel\" required=\"required\">\n\t\t\t\t\t\t\t\t\t\t\t<\/div>\n\t\t\t\t\t\t\t\t<div class=\"elementor-field-type-text\">\n\t\t\t\t\t<input size=\"1\" type=\"text\" name=\"form_fields[field_ae220f6]\" id=\"form-field-field_ae220f6\" class=\"elementor-field elementor-size-xl \" style=\"display:none !important;\">\t\t\t\t<\/div>\n\t\t\t\t\t\t\t\t<div class=\"elementor-field-type-recaptcha_v3 elementor-field-group elementor-column elementor-field-group-field_763ce0c elementor-col-100 recaptcha_v3-bottomright\">\n\t\t\t\t\t<div class=\"elementor-field\" id=\"form-field-field_763ce0c\"><div class=\"elementor-g-recaptcha\" data-sitekey=\"6Lc8IQ0qAAAAAFO8P1d4PL_M0WF2_LY1_aQOMQ-d\" data-type=\"v3\" data-action=\"Form\" data-badge=\"bottomright\" data-size=\"invisible\"><\/div><\/div>\t\t\t\t<\/div>\n\t\t\t\t\t\t\t\t<div class=\"elementor-field-type-hidden elementor-field-group elementor-column elementor-field-group-kh_dn_address_book elementor-col-100\">\n\t\t\t\t\t\t\t\t\t\t\t\t\t<input size=\"1\" type=\"hidden\" name=\"form_fields[kh_dn_address_book]\" id=\"form-field-kh_dn_address_book\" class=\"elementor-field elementor-size-xl  elementor-field-textual\" value=\"309870\">\n\t\t\t\t\t\t\t\t\t\t\t<\/div>\n\t\t\t\t\t\t\t\t<div class=\"elementor-field-type-hidden elementor-field-group elementor-column elementor-field-group-kh_dn_program elementor-col-100\">\n\t\t\t\t\t\t\t\t\t\t\t\t\t<input size=\"1\" type=\"hidden\" name=\"form_fields[kh_dn_program]\" id=\"form-field-kh_dn_program\" class=\"elementor-field elementor-size-xl  elementor-field-textual\" value=\"155968\">\n\t\t\t\t\t\t\t\t\t\t\t<\/div>\n\t\t\t\t\t\t\t\t<div class=\"elementor-field-group elementor-column elementor-field-type-submit elementor-col-33 e-form__buttons\">\n\t\t\t\t\t<button class=\"elementor-button elementor-size-sm\" type=\"submit\">\n\t\t\t\t\t\t<span class=\"elementor-button-content-wrapper\">\n\t\t\t\t\t\t\t\t\t\t\t\t\t\t\t\t\t\t\t\t\t\t<span class=\"elementor-button-text\">S'abonner<\/span>\n\t\t\t\t\t\t\t\t\t\t\t\t\t<\/span>\n\t\t\t\t\t<\/button>\n\t\t\t\t<\/div>\n\t\t\t<\/div>\n\t\t<\/form>\n\t\t\t\t\t\t<\/div>\n\t\t\t\t<\/div>\n\t\t\t\t<\/div>\n\t\t\t\t\t<\/div>\n\t\t\t\t<\/div>\n\t\t\t\t<\/div>\n\t\t\t\t<\/div>\n\t\t\t\t\t\t<\/div>\n\t\t\t\t<\/div>\n\t\t\t\t\t<\/div>\n\t\t<\/div>\n\t\t\t\t\t<\/div>\n\t\t<\/section>\n\t\t\t\t<\/div>\n\t\t","protected":false},"excerpt":{"rendered":"<p>Tutoring For Every Subject Du tutorat dans toutes les mati\u00e8res Peu importe la mati\u00e8re ou le niveau scolaire, les programmes de tutorat d\u2019Oxford Learning peuvent vous aider. Au-del\u00e0 des mati\u00e8res de base \u00a0 La lecture, l\u2019\u00e9criture et les math\u00e9matiques sont les trois mati\u00e8res dans lesquelles nos \u00e9l\u00e8ves ont le plus de difficult\u00e9s. Nos programmes les [&hellip;] [&hellip;]<\/p>\n","protected":false},"author":3,"featured_media":561,"parent":0,"menu_order":0,"comment_status":"closed","ping_status":"closed","template":"elementor_header_footer","meta":{"footnotes":""},"class_list":["post-1388","page","type-page","status-publish","has-post-thumbnail","hentry"],"meta_box":[],"_links":{"self":[{"href":"https:\/\/olcv2dev.wpenginepowered.com\/fr\/wp-json\/wp\/v2\/pages\/1388","targetHints":{"allow":["GET"]}}],"collection":[{"href":"https:\/\/olcv2dev.wpenginepowered.com\/fr\/wp-json\/wp\/v2\/pages"}],"about":[{"href":"https:\/\/olcv2dev.wpenginepowered.com\/fr\/wp-json\/wp\/v2\/types\/page"}],"author":[{"embeddable":true,"href":"https:\/\/olcv2dev.wpenginepowered.com\/fr\/wp-json\/wp\/v2\/users\/3"}],"replies":[{"embeddable":true,"href":"https:\/\/olcv2dev.wpenginepowered.com\/fr\/wp-json\/wp\/v2\/comments?post=1388"}],"version-history":[{"count":0,"href":"https:\/\/olcv2dev.wpenginepowered.com\/fr\/wp-json\/wp\/v2\/pages\/1388\/revisions"}],"wp:featuredmedia":[{"embeddable":true,"href":"https:\/\/olcv2dev.wpenginepowered.com\/fr\/wp-json\/wp\/v2\/media\/561"}],"wp:attachment":[{"href":"https:\/\/olcv2dev.wpenginepowered.com\/fr\/wp-json\/wp\/v2\/media?parent=1388"}],"curies":[{"name":"wp","href":"https:\/\/api.w.org\/{rel}","templated":true}]}}