{"id":1390,"date":"2024-07-20T00:42:11","date_gmt":"2024-07-20T00:42:11","guid":{"rendered":"https:\/\/olcv2dev.wpenginepowered.com\/?page_id=1390"},"modified":"2024-10-07T15:18:39","modified_gmt":"2024-10-07T15:18:39","slug":"questions-frequentes","status":"publish","type":"page","link":"https:\/\/olcv2dev.wpenginepowered.com\/fr\/questions-frequentes\/","title":{"rendered":"Questions Fr\u00e9quentes"},"content":{"rendered":"\t\t<div data-elementor-type=\"wp-page\" data-elementor-id=\"1390\" class=\"elementor elementor-1390 elementor-497\" data-elementor-post-type=\"page\">\n\t\t\t\t<div class=\"elementor-element elementor-element-4b10c4ab other-hero e-con-full e-flex e-con e-parent\" data-id=\"4b10c4ab\" data-element_type=\"container\" data-e-type=\"container\" data-settings=\"{&quot;background_background&quot;:&quot;classic&quot;}\">\n\t\t<div class=\"elementor-element elementor-element-620480a1 e-con-full e-flex e-con e-child\" data-id=\"620480a1\" data-element_type=\"container\" data-e-type=\"container\">\n\t\t\t\t<div class=\"elementor-element elementor-element-4e957c7a elementor-widget elementor-widget-heading\" data-id=\"4e957c7a\" data-element_type=\"widget\" data-e-type=\"widget\" data-widget_type=\"heading.default\">\n\t\t\t\t<div class=\"elementor-widget-container\">\n\t\t\t\t\t<h1 class=\"elementor-heading-title elementor-size-default\">Questions Fr\u00e9quentes<\/h1>\t\t\t\t<\/div>\n\t\t\t\t<\/div>\n\t\t\t\t<\/div>\n\t\t\t\t<\/div>\n\t\t<div class=\"elementor-element elementor-element-390bb43 e-flex e-con-boxed e-con e-parent\" data-id=\"390bb43\" data-element_type=\"container\" data-e-type=\"container\">\n\t\t\t\t\t<div class=\"e-con-inner\">\n\t\t\t\t<div class=\"elementor-element elementor-element-30f7c75 elementor-widget elementor-widget-text-editor\" data-id=\"30f7c75\" data-element_type=\"widget\" data-e-type=\"widget\" data-widget_type=\"text-editor.default\">\n\t\t\t\t<div class=\"elementor-widget-container\">\n\t\t\t\t\t\t\t\t\t<h3>Combien est-ce que \u00e7a co\u00fbte?<\/h3><p>Les tarifs des cours offerts \u00e0 Oxford Learning\u00ae sont tout \u00e0 fait comp\u00e9titifs et correspondent \u00e0 ceux que vous paieriez dans n\u2019importe quelle entreprise de tutorat au sein de laquelle les services seraient dispens\u00e9s par des professionnels qualifi\u00e9s.<\/p><p>D\u2019un oc\u00e9an \u00e0 l\u2019autre, les prix des cours peuvent varier, informez-vous aupr\u00e8s du centre Oxford Learning\u00ae le plus pr\u00e8s de chez vous pour conna\u00eetre les tarifs offerts dans votre r\u00e9gion.<\/p><p>Le frais totaux mensuels varient en fonction de la fr\u00e9quence \u00e0 laquelle votre enfant fr\u00e9quentera le centre. La majorit\u00e9 de nos \u00e9l\u00e8ves assistent \u00e0 deux sessions de cours d\u2019une heure par semaine, ce qui donne environ 8 heures de cours par mois.<\/p><p>De plus, gr\u00e2ce \u00e0 nos options de financement, les services d\u2019Oxford Learning sont plus accessibles que jamais!<\/p>\t\t\t\t\t\t\t\t<\/div>\n\t\t\t\t<\/div>\n\t\t\t\t<div class=\"elementor-element elementor-element-f06fc25 elementor-widget-divider--view-line elementor-widget elementor-widget-global elementor-global-195 elementor-widget-divider\" data-id=\"f06fc25\" data-element_type=\"widget\" data-e-type=\"widget\" data-widget_type=\"divider.default\">\n\t\t\t\t<div class=\"elementor-widget-container\">\n\t\t\t\t\t\t\t<div class=\"elementor-divider\">\n\t\t\t<span class=\"elementor-divider-separator\">\n\t\t\t\t\t\t<\/span>\n\t\t<\/div>\n\t\t\t\t\t\t<\/div>\n\t\t\t\t<\/div>\n\t\t\t\t<div class=\"elementor-element elementor-element-dce4a21 elementor-widget elementor-widget-text-editor\" data-id=\"dce4a21\" data-element_type=\"widget\" data-e-type=\"widget\" data-widget_type=\"text-editor.default\">\n\t\t\t\t<div class=\"elementor-widget-container\">\n\t\t\t\t\t\t\t\t\t<h3>Quelles sont les heures de cours?<\/h3><p>G\u00e9n\u00e9ralement, nos centres sont ouverts apr\u00e8s les heures de cours de vos enfants. Ils offrent des cours de 15 h 00 \u00e0 20\u00a0h 00 du lundi au jeudi et sont \u00e9galement ouverts le samedi matin. Nous offrons \u00e9galement des programmes d\u2019initiation \u00e0 la lecture pendant la journ\u00e9e de 9\u00a0h 00 \u00e0 15\u00a0h 00.<\/p><p>Les heures d\u2019ouverture varient en fonction des centres. Pour conna\u00eetre les heures d\u2019ouverture exactes du centre le plus pr\u00e8s de chez vous, nous vous prions de simplement communiquez avec nous.<\/p>\t\t\t\t\t\t\t\t<\/div>\n\t\t\t\t<\/div>\n\t\t\t\t<div class=\"elementor-element elementor-element-7b22266 elementor-widget-divider--view-line elementor-widget elementor-widget-divider\" data-id=\"7b22266\" data-element_type=\"widget\" data-e-type=\"widget\" data-widget_type=\"divider.default\">\n\t\t\t\t<div class=\"elementor-widget-container\">\n\t\t\t\t\t\t\t<div class=\"elementor-divider\">\n\t\t\t<span class=\"elementor-divider-separator\">\n\t\t\t\t\t\t<\/span>\n\t\t<\/div>\n\t\t\t\t\t\t<\/div>\n\t\t\t\t<\/div>\n\t\t\t\t<div class=\"elementor-element elementor-element-abd8fad elementor-widget elementor-widget-text-editor\" data-id=\"abd8fad\" data-element_type=\"widget\" data-e-type=\"widget\" data-widget_type=\"text-editor.default\">\n\t\t\t\t<div class=\"elementor-widget-container\">\n\t\t\t\t\t\t\t\t\t<h3>Quelle est la taille des groupes?<\/h3><p>Nos programmes fonctionnement g\u00e9n\u00e9ralement \u00e0 une table \u00e0 laquelle il y a trois \u00e9tudiants par professeur. Ce ratio permet aux jeunes d\u2019avoir suffisamment d\u2019attention individuelle, mais de pouvoir travailler individuellement \u00e0 certains moments. Ainsi, chaque \u00e9l\u00e8ve a la chance de pouvoir interagir avec l\u2019enseignant autant que de pouvoir travailler ind\u00e9pendamment.<\/p><p>Nous offrons \u00e9galement fr\u00e9quemment des ateliers et des groupes de travail dans lesquels il n\u2019y a jamais plus de huit \u00e0 dix \u00e9l\u00e8ves.<\/p>\t\t\t\t\t\t\t\t<\/div>\n\t\t\t\t<\/div>\n\t\t\t\t<div class=\"elementor-element elementor-element-a615558 elementor-widget-divider--view-line elementor-widget elementor-widget-divider\" data-id=\"a615558\" data-element_type=\"widget\" data-e-type=\"widget\" data-widget_type=\"divider.default\">\n\t\t\t\t<div class=\"elementor-widget-container\">\n\t\t\t\t\t\t\t<div class=\"elementor-divider\">\n\t\t\t<span class=\"elementor-divider-separator\">\n\t\t\t\t\t\t<\/span>\n\t\t<\/div>\n\t\t\t\t\t\t<\/div>\n\t\t\t\t<\/div>\n\t\t\t\t<div class=\"elementor-element elementor-element-a71feaa elementor-widget elementor-widget-text-editor\" data-id=\"a71feaa\" data-element_type=\"widget\" data-e-type=\"widget\" data-widget_type=\"text-editor.default\">\n\t\t\t\t<div class=\"elementor-widget-container\">\n\t\t\t\t\t\t\t\t\t<h3>Les tuteurs sont-ils des enseignants form\u00e9s?<\/h3><p>Oui. Tous nos tuteurs re\u00e7oivent une formation compl\u00e8te pour avoir la chance d\u2019enseigner \u00e0 l\u2019un des centres Oxford Learning\u00ae et ils ont \u00e9galement fait des \u00e9tudes de niveau post-secondaire. La majorit\u00e9 de nos tuteurs ont \u00e9galement une formation dans certaines sph\u00e8res du domaine de l\u2019\u00e9ducation et\/ou dans une vari\u00e9t\u00e9 d\u2019autres domaines connexes.<\/p>\t\t\t\t\t\t\t\t<\/div>\n\t\t\t\t<\/div>\n\t\t\t\t<div class=\"elementor-element elementor-element-368a953 elementor-widget-divider--view-line elementor-widget elementor-widget-divider\" data-id=\"368a953\" data-element_type=\"widget\" data-e-type=\"widget\" data-widget_type=\"divider.default\">\n\t\t\t\t<div class=\"elementor-widget-container\">\n\t\t\t\t\t\t\t<div class=\"elementor-divider\">\n\t\t\t<span class=\"elementor-divider-separator\">\n\t\t\t\t\t\t<\/span>\n\t\t<\/div>\n\t\t\t\t\t\t<\/div>\n\t\t\t\t<\/div>\n\t\t\t\t<div class=\"elementor-element elementor-element-072bfc5 elementor-widget elementor-widget-text-editor\" data-id=\"072bfc5\" data-element_type=\"widget\" data-e-type=\"widget\" data-widget_type=\"text-editor.default\">\n\t\t\t\t<div class=\"elementor-widget-container\">\n\t\t\t\t\t\t\t\t\t<h3>Quelle est la politique d\u2019annulation?<\/h3><p>La politique d\u2019annulation d\u2019Oxford Learning\u00ae est de 30 jours.<\/p>\t\t\t\t\t\t\t\t<\/div>\n\t\t\t\t<\/div>\n\t\t\t\t<div class=\"elementor-element elementor-element-9495fa4 elementor-widget-divider--view-line elementor-widget elementor-widget-divider\" data-id=\"9495fa4\" data-element_type=\"widget\" data-e-type=\"widget\" data-widget_type=\"divider.default\">\n\t\t\t\t<div class=\"elementor-widget-container\">\n\t\t\t\t\t\t\t<div class=\"elementor-divider\">\n\t\t\t<span class=\"elementor-divider-separator\">\n\t\t\t\t\t\t<\/span>\n\t\t<\/div>\n\t\t\t\t\t\t<\/div>\n\t\t\t\t<\/div>\n\t\t\t\t<div class=\"elementor-element elementor-element-ccb8795 elementor-widget elementor-widget-text-editor\" data-id=\"ccb8795\" data-element_type=\"widget\" data-e-type=\"widget\" data-widget_type=\"text-editor.default\">\n\t\t\t\t<div class=\"elementor-widget-container\">\n\t\t\t\t\t\t\t\t\t<h3>Combien de temps faudra-t-il avant que mon enfant sente les b\u00e9n\u00e9fices du programme?<\/h3><p>Pour r\u00e9pondre \u00e0 cette question, il faut tenir compte de nombreuses variables. Cela d\u00e9pendra de quels objectifs vous souhaitez voir votre enfant atteindre et de votre propre d\u00e9finition du succ\u00e8s.<\/p><p>Pour certains parents, le succ\u00e8s se manifeste d\u00e8s que leur enfant parvient \u00e0 lire et \u00e0 comprendre un paragraphe sans trop avoir de difficult\u00e9, alors que pour d\u2019autres, r\u00e9ussir, c\u2019est obtenir A+ \u00e0 un examen calcul diff\u00e9rentiel.<\/p><p>Les objectifs et les buts de chaque \u00e9l\u00e8ve sont uniques, et c\u2019est pour cette raison que notre r\u00e9ponse d\u00e9pendra un peu de vous et de votre enfant. Ceci \u00e9tant dit, pour obtenir un maximum de gains cognitifs, nous recommandons environ cent heures de cours.<\/p><p>Donc, si votre enfant assiste \u00e0 deux cours d\u2019une heure par semaine, il aura environ huit heures de cours par mois. Cela signifie donc que, r\u00e8gle g\u00e9n\u00e9rale, il lui faudra environ un an pour atteindre les cent heures de cours.<\/p>\t\t\t\t\t\t\t\t<\/div>\n\t\t\t\t<\/div>\n\t\t\t\t<div class=\"elementor-element elementor-element-dceb57e elementor-widget-divider--view-line elementor-widget elementor-widget-divider\" data-id=\"dceb57e\" data-element_type=\"widget\" data-e-type=\"widget\" data-widget_type=\"divider.default\">\n\t\t\t\t<div class=\"elementor-widget-container\">\n\t\t\t\t\t\t\t<div class=\"elementor-divider\">\n\t\t\t<span class=\"elementor-divider-separator\">\n\t\t\t\t\t\t<\/span>\n\t\t<\/div>\n\t\t\t\t\t\t<\/div>\n\t\t\t\t<\/div>\n\t\t\t\t<div class=\"elementor-element elementor-element-df5d8e5 elementor-widget elementor-widget-text-editor\" data-id=\"df5d8e5\" data-element_type=\"widget\" data-e-type=\"widget\" data-widget_type=\"text-editor.default\">\n\t\t\t\t<div class=\"elementor-widget-container\">\n\t\t\t\t\t\t\t\t\t<h3>\u00c0 quel point les \u00e9tudiants s\u2019am\u00e9liorent-ils habituellement?<\/h3><p>Les progr\u00e8s d\u2019un enfant d\u00e9pendent enti\u00e8rement des objectifs d\u2019apprentissage que vous serez fix\u00e9s et de la rapidit\u00e9 d\u2019apprentissage de votre enfant. Cela d\u00e9pendra \u00e9galement de la fr\u00e9quence \u00e0 laquelle votre enfant fr\u00e9quentera le centre.<\/p><p>Notre fa\u00e7on d\u2019\u00e9valuer le succ\u00e8s du programme est d\u2019identifier des objectifs \u00e0 atteindre avec vous au cours de nos rencontres ponctuelles. Ensemble, les parents et les employ\u00e9s du centre fixeront des objectifs uniques en fonction des besoins d\u2019apprentissage de chaque enfant que ce soit d\u2019arriver \u00e0 lire certains mots, de ma\u00eetriser les \u00e9quations quadratiques, ou bien simplement de ne pas oublier de faire ses devoirs. Ensuite, \u00e0 la rencontre suivante, nous \u00e9valuons les progr\u00e8s accomplis. Les buts ont-ils \u00e9t\u00e9 atteints? Faut-il r\u00e9\u00e9valuer nos objectifs?<\/p><p>Le meilleur indicateur d\u2019am\u00e9lioration est par contre g\u00e9n\u00e9ralement bien difficile \u00e0 mesurer; il vient de combien votre enfant se sentira mieux face \u00e0 l\u2019\u00e9cole en g\u00e9n\u00e9ral et \u00e0 l\u2019apprentissage. Habituellement, apr\u00e8s quelques cours (une fois que le stress des premiers cours se sera estomp\u00e9), nos \u00e9l\u00e8ves commencent \u00e0 se sentir plus confiant face \u00e0 leurs travaux scolaires et \u00e0 leurs apprentissages, en plus d\u2019\u00eatre plus motiv\u00e9s. Ils ont progressivement moins de difficult\u00e9s et leur attitude face \u00e0 l\u2019\u00e9cole s\u2019am\u00e9liore. Pour bien des parents, c\u2019est l\u00e0, le plus grand progr\u00e8s!<\/p>\t\t\t\t\t\t\t\t<\/div>\n\t\t\t\t<\/div>\n\t\t\t\t<div class=\"elementor-element elementor-element-98d8fce elementor-widget-divider--view-line elementor-widget elementor-widget-divider\" data-id=\"98d8fce\" data-element_type=\"widget\" data-e-type=\"widget\" data-widget_type=\"divider.default\">\n\t\t\t\t<div class=\"elementor-widget-container\">\n\t\t\t\t\t\t\t<div class=\"elementor-divider\">\n\t\t\t<span class=\"elementor-divider-separator\">\n\t\t\t\t\t\t<\/span>\n\t\t<\/div>\n\t\t\t\t\t\t<\/div>\n\t\t\t\t<\/div>\n\t\t\t\t<div class=\"elementor-element elementor-element-de8d219 elementor-widget elementor-widget-text-editor\" data-id=\"de8d219\" data-element_type=\"widget\" data-e-type=\"widget\" data-widget_type=\"text-editor.default\">\n\t\t\t\t<div class=\"elementor-widget-container\">\n\t\t\t\t\t\t\t\t\t<h3>Mon enfant aura-t-il du plaisir \u00e0 Oxford Learning\u00ae?<\/h3><p>Avoir du plaisir est d\u00e9finitivement inclus au programme de votre enfant! Nous leur tapons dans la main, les encourageons, les f\u00e9licitons et nous faisons des folies! Nous souhaitons que nos \u00e9l\u00e8ves comprennent combien apprendre peut \u00eatre amusant et excitant, m\u00eame si pour y arriver il faut travailler fort!<\/p><p>Alors, nous jouons en apprenant. Nous interagissons. Nous faisons des dessins farfelus. Nous mimons. Nous c\u00e9l\u00e9brons. Nous faisons ce qu\u2019il faut pour que votre enfant associe son passage \u00e0 Oxford Learning avec des heures de plaisir et un meilleur cheminement scolaire.<\/p><p>De plus, en boni, nous offrons une tonne d\u2019activit\u00e9s en dehors des heures de cours telles que des soir\u00e9es de jeux, des concours, des journ\u00e9es portes ouvertes, des parades, des festivals et beaucoup plus!<\/p>\t\t\t\t\t\t\t\t<\/div>\n\t\t\t\t<\/div>\n\t\t\t\t\t<\/div>\n\t\t\t\t<\/div>\n\t\t<div class=\"elementor-element elementor-element-222f7706 e-flex e-con-boxed e-con e-parent\" data-id=\"222f7706\" data-element_type=\"container\" data-e-type=\"container\" data-settings=\"{&quot;background_background&quot;:&quot;classic&quot;}\">\n\t\t\t\t\t<div class=\"e-con-inner\">\n\t\t\t\t<div class=\"elementor-element elementor-element-4af011fd elementor-widget elementor-widget-heading\" data-id=\"4af011fd\" data-element_type=\"widget\" data-e-type=\"widget\" data-widget_type=\"heading.default\">\n\t\t\t\t<div class=\"elementor-widget-container\">\n\t\t\t\t\t<h2 class=\"elementor-heading-title elementor-size-default\">Trouvez un centre Oxford Learning\u00ae pr\u00e8s de chez vous!\n<\/h2>\t\t\t\t<\/div>\n\t\t\t\t<\/div>\n\t\t\t\t<div class=\"elementor-element elementor-element-45236267 elementor-align-center elementor-widget elementor-widget-button\" data-id=\"45236267\" data-element_type=\"widget\" data-e-type=\"widget\" data-widget_type=\"button.default\">\n\t\t\t\t<div class=\"elementor-widget-container\">\n\t\t\t\t\t\t\t\t\t<div class=\"elementor-button-wrapper\">\n\t\t\t\t\t<a class=\"elementor-button elementor-button-link elementor-size-sm\" href=\"\/fr\/locations\/\">\n\t\t\t\t\t\t<span class=\"elementor-button-content-wrapper\">\n\t\t\t\t\t\t<span class=\"elementor-button-icon\">\n\t\t\t\t<svg aria-hidden=\"true\" class=\"e-font-icon-svg e-fas-map-marker-alt\" viewBox=\"0 0 384 512\" xmlns=\"http:\/\/www.w3.org\/2000\/svg\"><path d=\"M172.268 501.67C26.97 291.031 0 269.413 0 192 0 85.961 85.961 0 192 0s192 85.961 192 192c0 77.413-26.97 99.031-172.268 309.67-9.535 13.774-29.93 13.773-39.464 0zM192 272c44.183 0 80-35.817 80-80s-35.817-80-80-80-80 35.817-80 80 35.817 80 80 80z\"><\/path><\/svg>\t\t\t<\/span>\n\t\t\t\t\t\t\t\t\t<span class=\"elementor-button-text\">                                    Trouvez un centre                                <\/span>\n\t\t\t\t\t<\/span>\n\t\t\t\t\t<\/a>\n\t\t\t\t<\/div>\n\t\t\t\t\t\t\t\t<\/div>\n\t\t\t\t<\/div>\n\t\t\t\t\t<\/div>\n\t\t\t\t<\/div>\n\t\t<div class=\"elementor-element elementor-element-917256b e-flex e-con-boxed e-con e-parent\" data-id=\"917256b\" data-element_type=\"container\" data-e-type=\"container\" data-settings=\"{&quot;background_background&quot;:&quot;classic&quot;}\">\n\t\t\t\t\t<div class=\"e-con-inner\">\n\t\t<div class=\"elementor-element elementor-element-46994da e-con-full e-flex e-con e-child\" data-id=\"46994da\" data-element_type=\"container\" data-e-type=\"container\">\n\t\t\t\t<div class=\"elementor-element elementor-element-64516955 elementor-widget elementor-widget-heading\" data-id=\"64516955\" data-element_type=\"widget\" data-e-type=\"widget\" data-widget_type=\"heading.default\">\n\t\t\t\t<div class=\"elementor-widget-container\">\n\t\t\t\t\t<h2 class=\"elementor-heading-title elementor-size-default\">Rejoignez <span class=\"list-line\">la liste d\u2019envoi<\/span> du Centre d'apprentissage Oxford<\/h2>\t\t\t\t<\/div>\n\t\t\t\t<\/div>\n\t\t\t\t<div class=\"elementor-element elementor-element-6fe9ae46 elementor-widget elementor-widget-heading\" data-id=\"6fe9ae46\" data-element_type=\"widget\" data-e-type=\"widget\" data-widget_type=\"heading.default\">\n\t\t\t\t<div class=\"elementor-widget-container\">\n\t\t\t\t\t<span class=\"elementor-heading-title elementor-size-default\">Recevez chaque semaine des conseils d'apprentissage et des articles sur l'\u00e9ducation directement dans votre bo\u00eete aux lettres \u00e9lectronique. Inscrivez-vous d\u00e8s aujourd'hui !<\/span>\t\t\t\t<\/div>\n\t\t\t\t<\/div>\n\t\t\t\t<\/div>\n\t\t<div class=\"elementor-element elementor-element-31862676 e-con-full e-flex e-con e-child\" data-id=\"31862676\" data-element_type=\"container\" data-e-type=\"container\">\n\t\t\t\t<div class=\"elementor-element elementor-element-49e68cb8 elementor-button-align-stretch elementor-widget elementor-widget-form\" data-id=\"49e68cb8\" data-element_type=\"widget\" data-e-type=\"widget\" data-settings=\"{&quot;button_width&quot;:&quot;33&quot;,&quot;step_next_label&quot;:&quot;suivant&quot;,&quot;step_previous_label&quot;:&quot;pr\\u00e9c\\u00e9dent&quot;,&quot;step_type&quot;:&quot;number_text&quot;,&quot;step_icon_shape&quot;:&quot;circle&quot;}\" data-widget_type=\"form.default\">\n\t\t\t\t<div class=\"elementor-widget-container\">\n\t\t\t\t\t\t\t<form class=\"elementor-form\" method=\"post\" name=\"kh_newsletter\" aria-label=\"kh_newsletter\">\n\t\t\t<input type=\"hidden\" name=\"post_id\" value=\"1390\"\/>\n\t\t\t<input type=\"hidden\" name=\"form_id\" value=\"49e68cb8\"\/>\n\t\t\t<input type=\"hidden\" name=\"referer_title\" value=\"Questions Fr\u00e9quentes\" \/>\n\n\t\t\t\t\t\t\t<input type=\"hidden\" name=\"queried_id\" value=\"1390\"\/>\n\t\t\t\n\t\t\t<div class=\"elementor-form-fields-wrapper elementor-labels-\">\n\t\t\t\t\t\t\t\t<div class=\"elementor-field-type-email elementor-field-group elementor-column elementor-field-group-kh_dn_email elementor-col-70 elementor-field-required\">\n\t\t\t\t\t\t\t\t\t\t\t\t<label for=\"form-field-kh_dn_email\" class=\"elementor-field-label elementor-screen-only\">\n\t\t\t\t\t\t\t\tEmail\t\t\t\t\t\t\t<\/label>\n\t\t\t\t\t\t\t\t\t\t\t\t\t\t<input size=\"1\" type=\"email\" name=\"form_fields[kh_dn_email]\" id=\"form-field-kh_dn_email\" class=\"elementor-field elementor-size-xl  elementor-field-textual\" placeholder=\"Saisissez votre adresse courriel\" required=\"required\">\n\t\t\t\t\t\t\t\t\t\t\t<\/div>\n\t\t\t\t\t\t\t\t<div class=\"elementor-field-type-text\">\n\t\t\t\t\t<input size=\"1\" type=\"text\" name=\"form_fields[field_ae220f6]\" id=\"form-field-field_ae220f6\" class=\"elementor-field elementor-size-xl \" style=\"display:none !important;\">\t\t\t\t<\/div>\n\t\t\t\t\t\t\t\t<div class=\"elementor-field-type-recaptcha_v3 elementor-field-group elementor-column elementor-field-group-field_763ce0c elementor-col-100 recaptcha_v3-bottomright\">\n\t\t\t\t\t<div class=\"elementor-field\" id=\"form-field-field_763ce0c\"><div class=\"elementor-g-recaptcha\" data-sitekey=\"6Lc8IQ0qAAAAAFO8P1d4PL_M0WF2_LY1_aQOMQ-d\" data-type=\"v3\" data-action=\"Form\" data-badge=\"bottomright\" data-size=\"invisible\"><\/div><\/div>\t\t\t\t<\/div>\n\t\t\t\t\t\t\t\t<div class=\"elementor-field-type-hidden elementor-field-group elementor-column elementor-field-group-kh_dn_address_book elementor-col-100\">\n\t\t\t\t\t\t\t\t\t\t\t\t\t<input size=\"1\" type=\"hidden\" name=\"form_fields[kh_dn_address_book]\" id=\"form-field-kh_dn_address_book\" class=\"elementor-field elementor-size-xl  elementor-field-textual\" value=\"309870\">\n\t\t\t\t\t\t\t\t\t\t\t<\/div>\n\t\t\t\t\t\t\t\t<div class=\"elementor-field-type-hidden elementor-field-group elementor-column elementor-field-group-kh_dn_program elementor-col-100\">\n\t\t\t\t\t\t\t\t\t\t\t\t\t<input size=\"1\" type=\"hidden\" name=\"form_fields[kh_dn_program]\" id=\"form-field-kh_dn_program\" class=\"elementor-field elementor-size-xl  elementor-field-textual\" value=\"155968\">\n\t\t\t\t\t\t\t\t\t\t\t<\/div>\n\t\t\t\t\t\t\t\t<div class=\"elementor-field-group elementor-column elementor-field-type-submit elementor-col-33 e-form__buttons\">\n\t\t\t\t\t<button class=\"elementor-button elementor-size-sm\" type=\"submit\">\n\t\t\t\t\t\t<span class=\"elementor-button-content-wrapper\">\n\t\t\t\t\t\t\t\t\t\t\t\t\t\t\t\t\t\t\t\t\t\t<span class=\"elementor-button-text\">S'abonner<\/span>\n\t\t\t\t\t\t\t\t\t\t\t\t\t<\/span>\n\t\t\t\t\t<\/button>\n\t\t\t\t<\/div>\n\t\t\t<\/div>\n\t\t<\/form>\n\t\t\t\t\t\t<\/div>\n\t\t\t\t<\/div>\n\t\t\t\t<\/div>\n\t\t\t\t\t<\/div>\n\t\t\t\t<\/div>\n\t\t\t\t<\/div>\n\t\t","protected":false},"excerpt":{"rendered":"<p>Combien est-ce que \u00e7a co\u00fbte? Les tarifs des cours offerts \u00e0 Oxford Learning\u00ae sont tout \u00e0 fait comp\u00e9titifs et correspondent \u00e0 ceux que vous paieriez dans n\u2019importe quelle entreprise de tutorat au sein de laquelle les services seraient dispens\u00e9s par des professionnels qualifi\u00e9s. D\u2019un oc\u00e9an \u00e0 l\u2019autre, les prix des cours peuvent varier, informez-vous aupr\u00e8s [&hellip;] [&hellip;]<\/p>\n","protected":false},"author":3,"featured_media":1391,"parent":0,"menu_order":0,"comment_status":"closed","ping_status":"closed","template":"elementor_header_footer","meta":{"footnotes":""},"class_list":["post-1390","page","type-page","status-publish","has-post-thumbnail","hentry"],"meta_box":[],"_links":{"self":[{"href":"https:\/\/olcv2dev.wpenginepowered.com\/fr\/wp-json\/wp\/v2\/pages\/1390","targetHints":{"allow":["GET"]}}],"collection":[{"href":"https:\/\/olcv2dev.wpenginepowered.com\/fr\/wp-json\/wp\/v2\/pages"}],"about":[{"href":"https:\/\/olcv2dev.wpenginepowered.com\/fr\/wp-json\/wp\/v2\/types\/page"}],"author":[{"embeddable":true,"href":"https:\/\/olcv2dev.wpenginepowered.com\/fr\/wp-json\/wp\/v2\/users\/3"}],"replies":[{"embeddable":true,"href":"https:\/\/olcv2dev.wpenginepowered.com\/fr\/wp-json\/wp\/v2\/comments?post=1390"}],"version-history":[{"count":0,"href":"https:\/\/olcv2dev.wpenginepowered.com\/fr\/wp-json\/wp\/v2\/pages\/1390\/revisions"}],"wp:featuredmedia":[{"embeddable":true,"href":"https:\/\/olcv2dev.wpenginepowered.com\/fr\/wp-json\/wp\/v2\/media\/1391"}],"wp:attachment":[{"href":"https:\/\/olcv2dev.wpenginepowered.com\/fr\/wp-json\/wp\/v2\/media?parent=1390"}],"curies":[{"name":"wp","href":"https:\/\/api.w.org\/{rel}","templated":true}]}}