{"id":1399,"date":"2024-09-05T20:10:24","date_gmt":"2024-09-05T20:10:24","guid":{"rendered":"https:\/\/olcv2dev.wpenginepowered.com\/?page_id=1399"},"modified":"2024-10-07T15:18:42","modified_gmt":"2024-10-07T15:18:42","slug":"comment-pouvons-nous-vous-aider","status":"publish","type":"page","link":"https:\/\/olcv2dev.wpenginepowered.com\/fr\/comment-pouvons-nous-vous-aider\/","title":{"rendered":"Comment pouvons-nous vous aider?"},"content":{"rendered":"\t\t<div data-elementor-type=\"wp-page\" data-elementor-id=\"1399\" class=\"elementor elementor-1399 elementor-463\" data-elementor-post-type=\"page\">\n\t\t\t\t<div class=\"elementor-element elementor-element-6336cc9b other-hero e-con-full e-flex e-con e-parent\" data-id=\"6336cc9b\" data-element_type=\"container\" data-e-type=\"container\" data-settings=\"{&quot;background_background&quot;:&quot;classic&quot;}\">\n\t\t<div class=\"elementor-element elementor-element-48a94024 e-con-full e-flex e-con e-child\" data-id=\"48a94024\" data-element_type=\"container\" data-e-type=\"container\">\n\t\t\t\t<div class=\"elementor-element elementor-element-231f7d38 elementor-widget elementor-widget-heading\" data-id=\"231f7d38\" data-element_type=\"widget\" data-e-type=\"widget\" data-widget_type=\"heading.default\">\n\t\t\t\t<div class=\"elementor-widget-container\">\n\t\t\t\t\t<h1 class=\"elementor-heading-title elementor-size-default\">Comment pouvons-nous vous aider?<\/h1>\t\t\t\t<\/div>\n\t\t\t\t<\/div>\n\t\t\t\t<\/div>\n\t\t\t\t<\/div>\n\t\t<div class=\"elementor-element elementor-element-39c135d e-flex e-con-boxed e-con e-parent\" data-id=\"39c135d\" data-element_type=\"container\" data-e-type=\"container\">\n\t\t\t\t\t<div class=\"e-con-inner\">\n\t\t\t\t<div class=\"elementor-element elementor-element-06f1dc0 elementor-widget elementor-widget-text-editor\" data-id=\"06f1dc0\" data-element_type=\"widget\" data-e-type=\"widget\" data-widget_type=\"text-editor.default\">\n\t\t\t\t<div class=\"elementor-widget-container\">\n\t\t\t\t\t\t\t\t\t<h2>Lorsque vous avez des inqui\u00e9tudes face au parcours scolaire de votre enfant, Oxford Learning est l\u00e0 pour vous aider.<\/h2><h5 class=\"aluminum-color\">Nous entamons le processus par une \u00e9valuation en profondeur qui nous permet de cibler les difficult\u00e9s d\u2019apprentissage et scolaires de votre enfant pour lui cr\u00e9er un programme sur mesure qui r\u00e9pondra \u00e0 ses besoins uniques.<\/h5>\t\t\t\t\t\t\t\t<\/div>\n\t\t\t\t<\/div>\n\t\t\t\t<div class=\"elementor-element elementor-element-6629851 elementor-widget-divider--view-line elementor-widget elementor-widget-global elementor-global-195 elementor-widget-divider\" data-id=\"6629851\" data-element_type=\"widget\" data-e-type=\"widget\" data-widget_type=\"divider.default\">\n\t\t\t\t<div class=\"elementor-widget-container\">\n\t\t\t\t\t\t\t<div class=\"elementor-divider\">\n\t\t\t<span class=\"elementor-divider-separator\">\n\t\t\t\t\t\t<\/span>\n\t\t<\/div>\n\t\t\t\t\t\t<\/div>\n\t\t\t\t<\/div>\n\t\t\t\t<div class=\"elementor-element elementor-element-4143604 checkmark-list-dark no-left-margin-list elementor-widget elementor-widget-text-editor\" data-id=\"4143604\" data-element_type=\"widget\" data-e-type=\"widget\" data-widget_type=\"text-editor.default\">\n\t\t\t\t<div class=\"elementor-widget-container\">\n\t\t\t\t\t\t\t\t\t<p>Au-del\u00e0 d\u2019aider votre enfant \u00e0 mieux r\u00e9ussir dans certaines mati\u00e8res, Oxford Learning\u00ae l\u2019aidera \u00e0 se sentir plus positif face \u00e0 son milieu scolaire et \u00e0 l\u2019id\u00e9e m\u00eame de l\u2019apprentissage. La motivation est un facteur-cl\u00e9 du succ\u00e8s, et nous aidons nos \u00e9l\u00e8ves \u00e0 trouver ce qui les stimule pour leur permettre d\u2019\u00e9laborer un plan et de se lancer avec enthousiasme sur la route du succ\u00e8s!<\/p><h4>Bien plus que des cours<\/h4><p>Cessez de vous inqui\u00e9ter des progr\u00e8s de votre enfant! Les nombreux suppl\u00e9ments suivants sont \u00e9galement inclus dans son programme;<\/p><ul class=\"list\"><li>Rencontres r\u00e9guli\u00e8res avec les parents pour faire \u00e9tat des progr\u00e8s accomplis,<\/li><li>Strat\u00e9gies d\u2019organisation,<\/li><li>Sessions d\u2019\u00e9tude (les disponibilit\u00e9s varient),<\/li><li>Soir\u00e9es excitantes et \u00e9v\u00e8nements communautaires,<\/li><li>Commandites d\u2019\u00e9quipes sportives,<\/li><li>Concours et journ\u00e9es th\u00e9matiques,<\/li><li>R\u00e9vision des bulletins scolaires, et<\/li><li>Rencontres avec les \u00e9coles<\/li><\/ul><p>\u00c0 Oxford Learning\u00ae, nous souhaitons faire partie de l\u2019\u00e9quipe qui assurera le succ\u00e8s de votre enfant. Nous consultons les enseignants, lisons les bulletins scolaires et aidons nos \u00e9l\u00e8ves \u00e0 participer bien au-del\u00e0 de ce qui se passe entre les murs de l\u2019\u00e9cole pour d\u00e9velopper un sentiment de responsabilit\u00e9 et de pouvoir sur leurs objectifs et leurs r\u00eaves et les aider \u00e0 en faire des r\u00e9alit\u00e9s.<\/p>\t\t\t\t\t\t\t\t<\/div>\n\t\t\t\t<\/div>\n\t\t\t\t\t<\/div>\n\t\t\t\t<\/div>\n\t\t<div class=\"elementor-element elementor-element-541262a3 e-flex e-con-boxed e-con e-parent\" data-id=\"541262a3\" data-element_type=\"container\" data-e-type=\"container\" data-settings=\"{&quot;background_background&quot;:&quot;classic&quot;}\">\n\t\t\t\t\t<div class=\"e-con-inner\">\n\t\t\t\t<div class=\"elementor-element elementor-element-78b554bc elementor-widget elementor-widget-heading\" data-id=\"78b554bc\" data-element_type=\"widget\" data-e-type=\"widget\" data-widget_type=\"heading.default\">\n\t\t\t\t<div class=\"elementor-widget-container\">\n\t\t\t\t\t<h2 class=\"elementor-heading-title elementor-size-default\">Trouvez un centre Oxford Learning\u00ae pr\u00e8s de chez vous!\n<\/h2>\t\t\t\t<\/div>\n\t\t\t\t<\/div>\n\t\t\t\t<div class=\"elementor-element elementor-element-a03e3e9 elementor-align-center elementor-widget elementor-widget-button\" data-id=\"a03e3e9\" data-element_type=\"widget\" data-e-type=\"widget\" data-widget_type=\"button.default\">\n\t\t\t\t<div class=\"elementor-widget-container\">\n\t\t\t\t\t\t\t\t\t<div class=\"elementor-button-wrapper\">\n\t\t\t\t\t<a class=\"elementor-button elementor-button-link elementor-size-sm\" href=\"\/fr\/locations\/\">\n\t\t\t\t\t\t<span class=\"elementor-button-content-wrapper\">\n\t\t\t\t\t\t<span class=\"elementor-button-icon\">\n\t\t\t\t<svg aria-hidden=\"true\" class=\"e-font-icon-svg e-fas-map-marker-alt\" viewBox=\"0 0 384 512\" xmlns=\"http:\/\/www.w3.org\/2000\/svg\"><path d=\"M172.268 501.67C26.97 291.031 0 269.413 0 192 0 85.961 85.961 0 192 0s192 85.961 192 192c0 77.413-26.97 99.031-172.268 309.67-9.535 13.774-29.93 13.773-39.464 0zM192 272c44.183 0 80-35.817 80-80s-35.817-80-80-80-80 35.817-80 80 35.817 80 80 80z\"><\/path><\/svg>\t\t\t<\/span>\n\t\t\t\t\t\t\t\t\t<span class=\"elementor-button-text\">                                    Trouvez un centre                                <\/span>\n\t\t\t\t\t<\/span>\n\t\t\t\t\t<\/a>\n\t\t\t\t<\/div>\n\t\t\t\t\t\t\t\t<\/div>\n\t\t\t\t<\/div>\n\t\t\t\t\t<\/div>\n\t\t\t\t<\/div>\n\t\t<div class=\"elementor-element elementor-element-5a78be2a e-flex e-con-boxed e-con e-parent\" data-id=\"5a78be2a\" data-element_type=\"container\" data-e-type=\"container\" data-settings=\"{&quot;background_background&quot;:&quot;classic&quot;}\">\n\t\t\t\t\t<div class=\"e-con-inner\">\n\t\t<div class=\"elementor-element elementor-element-1affab8c e-con-full e-flex e-con e-child\" data-id=\"1affab8c\" data-element_type=\"container\" data-e-type=\"container\">\n\t\t\t\t<div class=\"elementor-element elementor-element-60865c0e elementor-widget elementor-widget-heading\" data-id=\"60865c0e\" data-element_type=\"widget\" data-e-type=\"widget\" data-widget_type=\"heading.default\">\n\t\t\t\t<div class=\"elementor-widget-container\">\n\t\t\t\t\t<h2 class=\"elementor-heading-title elementor-size-default\">Rejoignez <span class=\"list-line\">la liste d\u2019envoi<\/span> du Centre d'apprentissage Oxford<\/h2>\t\t\t\t<\/div>\n\t\t\t\t<\/div>\n\t\t\t\t<div class=\"elementor-element elementor-element-18c0b1a7 elementor-widget elementor-widget-heading\" data-id=\"18c0b1a7\" data-element_type=\"widget\" data-e-type=\"widget\" data-widget_type=\"heading.default\">\n\t\t\t\t<div class=\"elementor-widget-container\">\n\t\t\t\t\t<span class=\"elementor-heading-title elementor-size-default\">Recevez chaque semaine des conseils d'apprentissage et des articles sur l'\u00e9ducation directement dans votre bo\u00eete aux lettres \u00e9lectronique. Inscrivez-vous d\u00e8s aujourd'hui !<\/span>\t\t\t\t<\/div>\n\t\t\t\t<\/div>\n\t\t\t\t<\/div>\n\t\t<div class=\"elementor-element elementor-element-7b43578f e-con-full e-flex e-con e-child\" data-id=\"7b43578f\" data-element_type=\"container\" data-e-type=\"container\">\n\t\t\t\t<div class=\"elementor-element elementor-element-521e5a37 elementor-button-align-stretch elementor-widget elementor-widget-form\" data-id=\"521e5a37\" data-element_type=\"widget\" data-e-type=\"widget\" data-settings=\"{&quot;button_width&quot;:&quot;33&quot;,&quot;step_next_label&quot;:&quot;suivant&quot;,&quot;step_previous_label&quot;:&quot;pr\\u00e9c\\u00e9dent&quot;,&quot;step_type&quot;:&quot;number_text&quot;,&quot;step_icon_shape&quot;:&quot;circle&quot;}\" data-widget_type=\"form.default\">\n\t\t\t\t<div class=\"elementor-widget-container\">\n\t\t\t\t\t\t\t<form class=\"elementor-form\" method=\"post\" name=\"kh_newsletter\" aria-label=\"kh_newsletter\">\n\t\t\t<input type=\"hidden\" name=\"post_id\" value=\"1399\"\/>\n\t\t\t<input type=\"hidden\" name=\"form_id\" value=\"521e5a37\"\/>\n\t\t\t<input type=\"hidden\" name=\"referer_title\" value=\"Comment pouvons-nous vous aider?\" \/>\n\n\t\t\t\t\t\t\t<input type=\"hidden\" name=\"queried_id\" value=\"1399\"\/>\n\t\t\t\n\t\t\t<div class=\"elementor-form-fields-wrapper elementor-labels-\">\n\t\t\t\t\t\t\t\t<div class=\"elementor-field-type-email elementor-field-group elementor-column elementor-field-group-kh_dn_email elementor-col-70 elementor-field-required\">\n\t\t\t\t\t\t\t\t\t\t\t\t<label for=\"form-field-kh_dn_email\" class=\"elementor-field-label elementor-screen-only\">\n\t\t\t\t\t\t\t\tEmail\t\t\t\t\t\t\t<\/label>\n\t\t\t\t\t\t\t\t\t\t\t\t\t\t<input size=\"1\" type=\"email\" name=\"form_fields[kh_dn_email]\" id=\"form-field-kh_dn_email\" class=\"elementor-field elementor-size-xl  elementor-field-textual\" placeholder=\"Saisissez votre adresse courriel\" required=\"required\">\n\t\t\t\t\t\t\t\t\t\t\t<\/div>\n\t\t\t\t\t\t\t\t<div class=\"elementor-field-type-text\">\n\t\t\t\t\t<input size=\"1\" type=\"text\" name=\"form_fields[field_ae220f6]\" id=\"form-field-field_ae220f6\" class=\"elementor-field elementor-size-xl \" style=\"display:none !important;\">\t\t\t\t<\/div>\n\t\t\t\t\t\t\t\t<div class=\"elementor-field-type-recaptcha_v3 elementor-field-group elementor-column elementor-field-group-field_763ce0c elementor-col-100 recaptcha_v3-bottomright\">\n\t\t\t\t\t<div class=\"elementor-field\" id=\"form-field-field_763ce0c\"><div class=\"elementor-g-recaptcha\" data-sitekey=\"6Lc8IQ0qAAAAAFO8P1d4PL_M0WF2_LY1_aQOMQ-d\" data-type=\"v3\" data-action=\"Form\" data-badge=\"bottomright\" data-size=\"invisible\"><\/div><\/div>\t\t\t\t<\/div>\n\t\t\t\t\t\t\t\t<div class=\"elementor-field-type-hidden elementor-field-group elementor-column elementor-field-group-kh_dn_address_book elementor-col-100\">\n\t\t\t\t\t\t\t\t\t\t\t\t\t<input size=\"1\" type=\"hidden\" name=\"form_fields[kh_dn_address_book]\" id=\"form-field-kh_dn_address_book\" class=\"elementor-field elementor-size-xl  elementor-field-textual\" value=\"309870\">\n\t\t\t\t\t\t\t\t\t\t\t<\/div>\n\t\t\t\t\t\t\t\t<div class=\"elementor-field-type-hidden elementor-field-group elementor-column elementor-field-group-kh_dn_program elementor-col-100\">\n\t\t\t\t\t\t\t\t\t\t\t\t\t<input size=\"1\" type=\"hidden\" name=\"form_fields[kh_dn_program]\" id=\"form-field-kh_dn_program\" class=\"elementor-field elementor-size-xl  elementor-field-textual\" value=\"155968\">\n\t\t\t\t\t\t\t\t\t\t\t<\/div>\n\t\t\t\t\t\t\t\t<div class=\"elementor-field-group elementor-column elementor-field-type-submit elementor-col-33 e-form__buttons\">\n\t\t\t\t\t<button class=\"elementor-button elementor-size-sm\" type=\"submit\">\n\t\t\t\t\t\t<span class=\"elementor-button-content-wrapper\">\n\t\t\t\t\t\t\t\t\t\t\t\t\t\t\t\t\t\t\t\t\t\t<span class=\"elementor-button-text\">S'abonner<\/span>\n\t\t\t\t\t\t\t\t\t\t\t\t\t<\/span>\n\t\t\t\t\t<\/button>\n\t\t\t\t<\/div>\n\t\t\t<\/div>\n\t\t<\/form>\n\t\t\t\t\t\t<\/div>\n\t\t\t\t<\/div>\n\t\t\t\t<\/div>\n\t\t\t\t\t<\/div>\n\t\t\t\t<\/div>\n\t\t\t\t<\/div>\n\t\t","protected":false},"excerpt":{"rendered":"<p>Lorsque vous avez des inqui\u00e9tudes face au parcours scolaire de votre enfant, Oxford Learning est l\u00e0 pour vous aider. Nous entamons le processus par une \u00e9valuation en profondeur qui nous permet de cibler les difficult\u00e9s d\u2019apprentissage et scolaires de votre enfant pour lui cr\u00e9er un programme sur mesure qui r\u00e9pondra \u00e0 ses besoins uniques. Au-del\u00e0 [&hellip;] [&hellip;]<\/p>\n","protected":false},"author":3,"featured_media":1181,"parent":0,"menu_order":0,"comment_status":"closed","ping_status":"closed","template":"elementor_header_footer","meta":{"footnotes":""},"class_list":["post-1399","page","type-page","status-publish","has-post-thumbnail","hentry"],"meta_box":[],"_links":{"self":[{"href":"https:\/\/olcv2dev.wpenginepowered.com\/fr\/wp-json\/wp\/v2\/pages\/1399","targetHints":{"allow":["GET"]}}],"collection":[{"href":"https:\/\/olcv2dev.wpenginepowered.com\/fr\/wp-json\/wp\/v2\/pages"}],"about":[{"href":"https:\/\/olcv2dev.wpenginepowered.com\/fr\/wp-json\/wp\/v2\/types\/page"}],"author":[{"embeddable":true,"href":"https:\/\/olcv2dev.wpenginepowered.com\/fr\/wp-json\/wp\/v2\/users\/3"}],"replies":[{"embeddable":true,"href":"https:\/\/olcv2dev.wpenginepowered.com\/fr\/wp-json\/wp\/v2\/comments?post=1399"}],"version-history":[{"count":0,"href":"https:\/\/olcv2dev.wpenginepowered.com\/fr\/wp-json\/wp\/v2\/pages\/1399\/revisions"}],"wp:featuredmedia":[{"embeddable":true,"href":"https:\/\/olcv2dev.wpenginepowered.com\/fr\/wp-json\/wp\/v2\/media\/1181"}],"wp:attachment":[{"href":"https:\/\/olcv2dev.wpenginepowered.com\/fr\/wp-json\/wp\/v2\/media?parent=1399"}],"curies":[{"name":"wp","href":"https:\/\/api.w.org\/{rel}","templated":true}]}}