{"id":15691,"date":"2024-07-20T19:14:54","date_gmt":"2024-07-20T19:14:54","guid":{"rendered":"https:\/\/olcv2dev.wpenginepowered.com\/comment-fonctionne-le-test-d-apprentissage-et-de-reussite-d-oxford\/"},"modified":"2025-02-10T20:00:40","modified_gmt":"2025-02-10T20:00:40","slug":"comment-fonctionne-le-test-d-apprentissage-et-de-reussite-d-oxford","status":"publish","type":"page","link":"https:\/\/olcv2dev.wpenginepowered.com\/fr\/comment-fonctionne-le-test-d-apprentissage-et-de-reussite-d-oxford\/","title":{"rendered":"Comment fonctionne le Test d\u2019apprentissage et de r\u00e9ussite d\u2019Oxford"},"content":{"rendered":"\t\t<div data-elementor-type=\"wp-page\" data-elementor-id=\"15691\" class=\"elementor elementor-15691 elementor-459\" data-elementor-post-type=\"page\">\n\t\t\t\t<div class=\"elementor-element elementor-element-7cac6570 other-hero e-con-full e-flex e-con e-parent\" data-id=\"7cac6570\" data-element_type=\"container\" data-e-type=\"container\" data-settings=\"{&quot;background_background&quot;:&quot;classic&quot;}\">\n\t\t<div class=\"elementor-element elementor-element-216fbadc e-con-full e-flex e-con e-child\" data-id=\"216fbadc\" data-element_type=\"container\" data-e-type=\"container\">\n\t\t\t\t<div class=\"elementor-element elementor-element-63778b44 elementor-widget elementor-widget-heading\" data-id=\"63778b44\" data-element_type=\"widget\" data-e-type=\"widget\" data-widget_type=\"heading.default\">\n\t\t\t\t<div class=\"elementor-widget-container\">\n\t\t\t\t\t<h1 class=\"elementor-heading-title elementor-size-default\">Comment fonctionne le Test d\u2019apprentissage et de r\u00e9ussite d\u2019Oxford<\/h1>\t\t\t\t<\/div>\n\t\t\t\t<\/div>\n\t\t\t\t<\/div>\n\t\t\t\t<\/div>\n\t\t<div class=\"elementor-element elementor-element-140d0017 e-flex e-con-boxed e-con e-parent\" data-id=\"140d0017\" data-element_type=\"container\" data-e-type=\"container\">\n\t\t\t\t\t<div class=\"e-con-inner\">\n\t\t<div class=\"elementor-element elementor-element-16febaf9 e-con-full e-flex e-con e-child\" data-id=\"16febaf9\" data-element_type=\"container\" data-e-type=\"container\">\n\t\t\t\t<div class=\"elementor-element elementor-element-f2b39e5 elementor-widget elementor-widget-text-editor\" data-id=\"f2b39e5\" data-element_type=\"widget\" data-e-type=\"widget\" data-widget_type=\"text-editor.default\">\n\t\t\t\t<div class=\"elementor-widget-container\">\n\t\t\t\t\t\t\t\t\t<p>Le <strong><a href=\"https:\/\/olcv2dev.wpenginepowered.com\/fr\/evaluation-dynamique\/\">Test d\u2019apprentissage et de r\u00e9ussite d\u2019Oxford<\/a><\/strong> est une combinaison exclusive d&rsquo;activit\u00e9s d\u00e9velopp\u00e9es pour donner un aper\u00e7u des r\u00e9sultats scolaires de votre enfant (comp\u00e9tences scolaires) et de sa fa\u00e7on de penser et d&rsquo;apprendre (comp\u00e9tences intellectuelles et potentielles).<\/p>\n\t\t\t\t\t\t\t\t<\/div>\n\t\t\t\t<\/div>\n\t\t\t\t<div class=\"elementor-element elementor-element-190c3b99 elementor-widget elementor-widget-heading\" data-id=\"190c3b99\" data-element_type=\"widget\" data-e-type=\"widget\" data-widget_type=\"heading.default\">\n\t\t\t\t<div class=\"elementor-widget-container\">\n\t\t\t\t\t<h2 class=\"elementor-heading-title elementor-size-default\">\u00c0 quoi s'attendre lors d\u2019un Test d\u2019apprentissage et de r\u00e9ussite d\u2019Oxford ?<\/h2>\t\t\t\t<\/div>\n\t\t\t\t<\/div>\n\t\t\t\t<div class=\"elementor-element elementor-element-74eabd2e elementor-widget elementor-widget-text-editor\" data-id=\"74eabd2e\" data-element_type=\"widget\" data-e-type=\"widget\" data-widget_type=\"text-editor.default\">\n\t\t\t\t<div class=\"elementor-widget-container\">\n\t\t\t\t\t\t\t\t\t<p><span class=\"blue-color\"><strong>Le Test se d\u00e9roule dans l&rsquo;une de nos salles d&rsquo;\u00e9valuation<\/strong><\/span>, \u00e0 l&rsquo;\u00e9cart de la classe principale. De cette fa\u00e7on, votre enfant peut penser clairement et n&rsquo;est pas distrait par d&rsquo;autres choses qui se passent dans le centre. <\/p>\n<p><span class=\"blue-color\"><strong>Le test est interactif<\/strong><\/span> Dans certains domaines, il faut dessiner, manipuler des objets et r\u00e9p\u00e9ter des phrases \u00e0 l&rsquo;\u00e9valuateur.<\/p>\n<p><span class=\"blue-color\"><strong>Le test peut durer jusqu&rsquo;\u00e0 deux heures pour les \u00e9l\u00e8ves plus \u00e2g\u00e9s<\/strong><\/span>, mais il ne doit pas \u00eatre stressant !<\/p>\n<p>Il n&rsquo;y a pas lieu de s&rsquo;inqui\u00e9ter le jour du test : l&rsquo;\u00e9valuation n&rsquo;est pas tant un test qu&rsquo;une occasion pour votre enfant de montrer ce qu&rsquo;il sait et les comp\u00e9tences intellectuelles qu&rsquo;il poss\u00e8de.<\/p>\n\t\t\t\t\t\t\t\t<\/div>\n\t\t\t\t<\/div>\n\t\t\t\t<div class=\"elementor-element elementor-element-d608c2c elementor-widget-divider--view-line elementor-widget elementor-widget-global elementor-global-195 elementor-widget-divider\" data-id=\"d608c2c\" data-element_type=\"widget\" data-e-type=\"widget\" data-widget_type=\"divider.default\">\n\t\t\t\t<div class=\"elementor-widget-container\">\n\t\t\t\t\t\t\t<div class=\"elementor-divider\">\n\t\t\t<span class=\"elementor-divider-separator\">\n\t\t\t\t\t\t<\/span>\n\t\t<\/div>\n\t\t\t\t\t\t<\/div>\n\t\t\t\t<\/div>\n\t\t\t\t<div class=\"elementor-element elementor-element-3704fa1 elementor-widget elementor-widget-heading\" data-id=\"3704fa1\" data-element_type=\"widget\" data-e-type=\"widget\" data-widget_type=\"heading.default\">\n\t\t\t\t<div class=\"elementor-widget-container\">\n\t\t\t\t\t<h2 class=\"elementor-heading-title elementor-size-default\">Qu'est-ce qui diff\u00e9rencie le Test d\u2019apprentissage et de r\u00e9ussite d\u2019Oxford ?<\/h2>\t\t\t\t<\/div>\n\t\t\t\t<\/div>\n\t\t\t\t<div class=\"elementor-element elementor-element-a900159 elementor-widget elementor-widget-video\" data-id=\"a900159\" data-element_type=\"widget\" data-e-type=\"widget\" data-settings=\"{&quot;youtube_url&quot;:&quot;https:\\\/\\\/www.youtube.com\\\/watch?v=pU5kGauGDsg&quot;,&quot;video_type&quot;:&quot;youtube&quot;,&quot;controls&quot;:&quot;yes&quot;}\" data-widget_type=\"video.default\">\n\t\t\t\t<div class=\"elementor-widget-container\">\n\t\t\t\t\t\t\t<div class=\"elementor-wrapper elementor-open-inline\">\n\t\t\t<div class=\"elementor-video\"><\/div>\t\t<\/div>\n\t\t\t\t\t\t<\/div>\n\t\t\t\t<\/div>\n\t\t\t\t<div class=\"elementor-element elementor-element-b62894c elementor-widget-divider--view-line elementor-widget elementor-widget-global elementor-global-195 elementor-widget-divider\" data-id=\"b62894c\" data-element_type=\"widget\" data-e-type=\"widget\" data-widget_type=\"divider.default\">\n\t\t\t\t<div class=\"elementor-widget-container\">\n\t\t\t\t\t\t\t<div class=\"elementor-divider\">\n\t\t\t<span class=\"elementor-divider-separator\">\n\t\t\t\t\t\t<\/span>\n\t\t<\/div>\n\t\t\t\t\t\t<\/div>\n\t\t\t\t<\/div>\n\t\t\t\t<div class=\"elementor-element elementor-element-e9442e7 elementor-widget elementor-widget-heading\" data-id=\"e9442e7\" data-element_type=\"widget\" data-e-type=\"widget\" data-widget_type=\"heading.default\">\n\t\t\t\t<div class=\"elementor-widget-container\">\n\t\t\t\t\t<h2 class=\"elementor-heading-title elementor-size-default\">Ce que les r\u00e9sultats r\u00e9v\u00e8lent aux parents<\/h2>\t\t\t\t<\/div>\n\t\t\t\t<\/div>\n\t\t\t\t<div class=\"elementor-element elementor-element-653dfd8 elementor-widget elementor-widget-text-editor\" data-id=\"653dfd8\" data-element_type=\"widget\" data-e-type=\"widget\" data-widget_type=\"text-editor.default\">\n\t\t\t\t<div class=\"elementor-widget-container\">\n\t\t\t\t\t\t\t\t\t<p>Nous mesurons les comp\u00e9tences acad\u00e9miques et cognitives afin de comprendre non seulement o\u00f9 se situe un \u00e9l\u00e8ve sur le plan acad\u00e9mique, mais aussi pourquoi il se situe \u00e0 ce niveau.<\/p>\n<p>Le test peut indiquer aux parents les comp\u00e9tences scolaires que leur enfant ma\u00eetrise, celles qui lui manquent, ainsi que ses forces et faiblesses en mati\u00e8re d&rsquo;apprentissage. Il permet \u00e9galement de savoir comment l&rsquo;\u00e9l\u00e8ve a r\u00e9agi pendant le test, s&rsquo;il \u00e9tait calme, nerveux, anxieux, contrari\u00e9 ou confiant. <\/p>\n\t\t\t\t\t\t\t\t<\/div>\n\t\t\t\t<\/div>\n\t\t\t\t<\/div>\n\t\t\t\t\t<\/div>\n\t\t\t\t<\/div>\n\t\t<div class=\"elementor-element elementor-element-7b798c00 e-flex e-con-boxed e-con e-parent\" data-id=\"7b798c00\" data-element_type=\"container\" data-e-type=\"container\" data-settings=\"{&quot;background_background&quot;:&quot;classic&quot;}\">\n\t\t\t\t\t<div class=\"e-con-inner\">\n\t\t<div class=\"elementor-element elementor-element-32f6499e e-con-full e-flex e-con e-child\" data-id=\"32f6499e\" data-element_type=\"container\" data-e-type=\"container\">\n\t\t\t\t<div class=\"elementor-element elementor-element-6ff1eb58 elementor-widget elementor-widget-heading\" data-id=\"6ff1eb58\" data-element_type=\"widget\" data-e-type=\"widget\" data-widget_type=\"heading.default\">\n\t\t\t\t<div class=\"elementor-widget-container\">\n\t\t\t\t\t<h2 class=\"elementor-heading-title elementor-size-default\">Le Test d\u2019apprentissage et de r\u00e9ussite d\u2019Oxford donne aux parents et aux enseignants des indications sur les :<\/h2>\t\t\t\t<\/div>\n\t\t\t\t<\/div>\n\t\t\t\t<div class=\"elementor-element elementor-element-01513d5 checkmark-list-dark-with-content no-left-margin-list elementor-widget elementor-widget-html\" data-id=\"01513d5\" data-element_type=\"widget\" data-e-type=\"widget\" data-widget_type=\"html.default\">\n\t\t\t\t<div class=\"elementor-widget-container\">\n\t\t\t\t\t<ul>\n    <li>\n        <div>\n            <span>Comp\u00e9tences scolaires<\/span>\n            <p>Les performances de votre enfant dans certaines mati\u00e8res, ainsi que des comp\u00e9tences telles que la concentration, le traitement auditif, la distractibilit\u00e9 visuelle, la m\u00e9moire \u00e0 court terme et les capacit\u00e9s de raisonnement.<\/p>\n        <\/div>\n    <\/li>\n     <li>\n        <div>\n            <span>Comp\u00e9tences cognitives<\/span>\n            <p>Le niveau des comp\u00e9tences cognitives de votre enfant, y compris ses capacit\u00e9s d'\u00e9coute et la fa\u00e7on dont il int\u00e8gre, retient et se souvient des informations.<\/p>\n        <\/div>\n    <\/li>\n     <li>\n        <div>\n            <span>Forces d'apprentissage<\/span>\n            <p>La fa\u00e7on dont votre enfant apprend le mieux et la fa\u00e7on dont il peut utiliser ses points forts pour am\u00e9liorer ses capacit\u00e9s d'apprentissage et apprendre le plus efficacement possible.<\/p>\n        <\/div>\n    <\/li>\n     <li>\n        <div>\n            <span>Points faibles<\/span>\n            <p>Les domaines dans lesquels votre enfant peut s'am\u00e9liorer, qu'il s'agisse de l'organisation, de la gestion du temps, de la confiance en soi ou d'une mati\u00e8re particuli\u00e8re.<\/p>\n        <\/div>\n    <\/li>\n<\/ul>\t\t\t\t<\/div>\n\t\t\t\t<\/div>\n\t\t\t\t<\/div>\n\t\t\t\t\t<\/div>\n\t\t\t\t<\/div>\n\t\t<div class=\"elementor-element elementor-element-a81a273 e-flex e-con-boxed e-con e-parent\" data-id=\"a81a273\" data-element_type=\"container\" data-e-type=\"container\">\n\t\t\t\t\t<div class=\"e-con-inner\">\n\t\t<div class=\"elementor-element elementor-element-334f5e5 e-con-full e-flex e-con e-child\" data-id=\"334f5e5\" data-element_type=\"container\" data-e-type=\"container\">\n\t\t\t\t<div class=\"elementor-element elementor-element-19fe150 elementor-widget elementor-widget-text-editor\" data-id=\"19fe150\" data-element_type=\"widget\" data-e-type=\"widget\" data-widget_type=\"text-editor.default\">\n\t\t\t\t<div class=\"elementor-widget-container\">\n\t\t\t\t\t\t\t\t\t<p>Le r\u00e9sultat final de notre <strong><a href=\"https:\/\/olcv2dev.wpenginepowered.com\/fr\/evaluation-dynamique\/\">Test d\u2019apprentissage<\/a><\/strong> et de r\u00e9ussite d\u2019Oxford est la capacit\u00e9 de montrer aux parents o\u00f9 leur enfant fonctionne actuellement, pourquoi l&rsquo;\u00e9l\u00e8ve est \u00e0 ce niveau, et comment son plein potentiel peut \u00eatre atteint. Il nous aide \u00e9galement \u00e0 comprendre le niveau actuel de motivation, d&rsquo;estime de soi et d&rsquo;esprit actif de l&rsquo;\u00e9l\u00e8ve. <\/p>\n\t\t\t\t\t\t\t\t<\/div>\n\t\t\t\t<\/div>\n\t\t\t\t<div class=\"elementor-element elementor-element-3ed5142 elementor-widget elementor-widget-heading\" data-id=\"3ed5142\" data-element_type=\"widget\" data-e-type=\"widget\" data-widget_type=\"heading.default\">\n\t\t\t\t<div class=\"elementor-widget-container\">\n\t\t\t\t\t<h2 class=\"elementor-heading-title elementor-size-default\">Comment les r\u00e9sultats cr\u00e9ent un programme<\/h2>\t\t\t\t<\/div>\n\t\t\t\t<\/div>\n\t\t\t\t<div class=\"elementor-element elementor-element-3c78763 checkmark-list-dark no-left-margin-list elementor-widget elementor-widget-text-editor\" data-id=\"3c78763\" data-element_type=\"widget\" data-e-type=\"widget\" data-widget_type=\"text-editor.default\">\n\t\t\t\t<div class=\"elementor-widget-container\">\n\t\t\t\t\t\t\t\t\t<p>Gr\u00e2ce \u00e0 notre <strong><a href=\"https:\/\/olcv2dev.wpenginepowered.com\/fr\/evaluation-dynamique\/\">Test d\u2019apprentissage et de r\u00e9ussite d\u2019Oxford<\/a><\/strong>, nous sommes en mesure de d\u00e9terminer les forces et les faiblesses de votre enfant en mati\u00e8re d&rsquo;apprentissage.<\/p>\n<p>Le fait de savoir comment un \u00e9l\u00e8ve apprend nous permet de pr\u00e9senter la mati\u00e8re scolaire de la mani\u00e8re la mieux adapt\u00e9e \u00e0 la compr\u00e9hension de chaque \u00e9l\u00e8ve. Bien que chaque programme du Centre d\u2019apprentissage Oxford ait une int\u00e9grit\u00e9 particuli\u00e8re et suive une structure logique, le programme de chaque \u00e9l\u00e8ve est compl\u00e8tement individualis\u00e9. <\/p>\n<p>Le Test d\u2019apprentissage et de r\u00e9ussite d\u2019Oxford nous aide \u00e0 personnaliser le programme de votre enfant, incluant :<\/p>\n<ul class=\"list\">\n<li class=\"blue-color\">Le rythme du programme<\/li>\n<li>Les domaines d&rsquo;int\u00e9r\u00eat (comp\u00e9tences d&rsquo;apprentissage, mati\u00e8res)<\/li>\n<li>Les m\u00e9thodes d&rsquo;enseignement \u00e0 utiliser<\/li>\n<li>Comment rendre l&rsquo;apprentissage amusant pour votre enfant<\/li>\n<\/ul>\n<p>Les r\u00e9sultats de votre enfant aident nos coordonnateurs p\u00e9dagogiques \u00e0 choisir le meilleur point de d\u00e9part pour lui et \u00e0 \u00e9laborer un programme qui l&rsquo;aidera \u00e0 d\u00e9velopper et \u00e0 renforcer ses comp\u00e9tences scolaires et d&rsquo;apprentissage.<\/p>\n\t\t\t\t\t\t\t\t<\/div>\n\t\t\t\t<\/div>\n\t\t\t\t<\/div>\n\t\t\t\t\t<\/div>\n\t\t\t\t<\/div>\n\t\t<div class=\"elementor-element elementor-element-4aaddd28 e-flex e-con-boxed e-con e-parent\" data-id=\"4aaddd28\" data-element_type=\"container\" data-e-type=\"container\" data-settings=\"{&quot;background_background&quot;:&quot;classic&quot;}\">\n\t\t\t\t\t<div class=\"e-con-inner\">\n\t\t\t\t<div class=\"elementor-element elementor-element-3b2bac35 elementor-widget elementor-widget-heading\" data-id=\"3b2bac35\" data-element_type=\"widget\" data-e-type=\"widget\" data-widget_type=\"heading.default\">\n\t\t\t\t<div class=\"elementor-widget-container\">\n\t\t\t\t\t<h2 class=\"elementor-heading-title elementor-size-default\">Trouvez un centre d'apprentissage d'Oxford pr\u00e8s de vous!<\/h2>\t\t\t\t<\/div>\n\t\t\t\t<\/div>\n\t\t\t\t<div class=\"elementor-element elementor-element-452d6281 elementor-align-center elementor-widget elementor-widget-button\" data-id=\"452d6281\" data-element_type=\"widget\" data-e-type=\"widget\" data-widget_type=\"button.default\">\n\t\t\t\t<div class=\"elementor-widget-container\">\n\t\t\t\t\t\t\t\t\t<div class=\"elementor-button-wrapper\">\n\t\t\t\t\t<a class=\"elementor-button elementor-button-link elementor-size-sm\" href=\"\/fr\/locations\/\">\n\t\t\t\t\t\t<span class=\"elementor-button-content-wrapper\">\n\t\t\t\t\t\t<span class=\"elementor-button-icon\">\n\t\t\t\t<svg aria-hidden=\"true\" class=\"e-font-icon-svg e-fas-map-marker-alt\" viewBox=\"0 0 384 512\" xmlns=\"http:\/\/www.w3.org\/2000\/svg\"><path d=\"M172.268 501.67C26.97 291.031 0 269.413 0 192 0 85.961 85.961 0 192 0s192 85.961 192 192c0 77.413-26.97 99.031-172.268 309.67-9.535 13.774-29.93 13.773-39.464 0zM192 272c44.183 0 80-35.817 80-80s-35.817-80-80-80-80 35.817-80 80 35.817 80 80 80z\"><\/path><\/svg>\t\t\t<\/span>\n\t\t\t\t\t\t\t\t\t<span class=\"elementor-button-text\">Trouvez un centre<\/span>\n\t\t\t\t\t<\/span>\n\t\t\t\t\t<\/a>\n\t\t\t\t<\/div>\n\t\t\t\t\t\t\t\t<\/div>\n\t\t\t\t<\/div>\n\t\t\t\t\t<\/div>\n\t\t\t\t<\/div>\n\t\t<div class=\"elementor-element elementor-element-e496f91 e-flex e-con-boxed e-con e-parent\" data-id=\"e496f91\" data-element_type=\"container\" data-e-type=\"container\" data-settings=\"{&quot;background_background&quot;:&quot;classic&quot;}\">\n\t\t\t\t\t<div class=\"e-con-inner\">\n\t\t<div class=\"elementor-element elementor-element-71dd770c e-con-full e-flex e-con e-child\" data-id=\"71dd770c\" data-element_type=\"container\" data-e-type=\"container\">\n\t\t\t\t<div class=\"elementor-element elementor-element-17ebba8e elementor-widget elementor-widget-heading\" data-id=\"17ebba8e\" data-element_type=\"widget\" data-e-type=\"widget\" data-widget_type=\"heading.default\">\n\t\t\t\t<div class=\"elementor-widget-container\">\n\t\t\t\t\t<h2 class=\"elementor-heading-title elementor-size-default\">Rejoignez <span class=\"list-line\">la liste d\u2019envoi<\/span> du Centre d'apprentissage Oxford<\/h2>\t\t\t\t<\/div>\n\t\t\t\t<\/div>\n\t\t\t\t<div class=\"elementor-element elementor-element-2c91a66 elementor-widget elementor-widget-heading\" data-id=\"2c91a66\" data-element_type=\"widget\" data-e-type=\"widget\" data-widget_type=\"heading.default\">\n\t\t\t\t<div class=\"elementor-widget-container\">\n\t\t\t\t\t<span class=\"elementor-heading-title elementor-size-default\">Recevez chaque semaine des conseils d'apprentissage et des articles sur l'\u00e9ducation directement dans votre bo\u00eete aux lettres \u00e9lectronique. Inscrivez-vous d\u00e8s aujourd'hui !<\/span>\t\t\t\t<\/div>\n\t\t\t\t<\/div>\n\t\t\t\t<\/div>\n\t\t<div class=\"elementor-element elementor-element-45924fa4 e-con-full e-flex e-con e-child\" data-id=\"45924fa4\" data-element_type=\"container\" data-e-type=\"container\">\n\t\t\t\t<div class=\"elementor-element elementor-element-5d651068 elementor-button-align-stretch elementor-widget elementor-widget-form\" data-id=\"5d651068\" data-element_type=\"widget\" data-e-type=\"widget\" data-settings=\"{&quot;button_width&quot;:&quot;33&quot;,&quot;step_next_label&quot;:&quot;suivant&quot;,&quot;step_previous_label&quot;:&quot;pr\\u00e9c\\u00e9dent&quot;,&quot;step_type&quot;:&quot;number_text&quot;,&quot;step_icon_shape&quot;:&quot;circle&quot;}\" data-widget_type=\"form.default\">\n\t\t\t\t<div class=\"elementor-widget-container\">\n\t\t\t\t\t\t\t<form class=\"elementor-form\" method=\"post\" name=\"kh_newsletter\" aria-label=\"kh_newsletter\">\n\t\t\t<input type=\"hidden\" name=\"post_id\" value=\"15691\"\/>\n\t\t\t<input type=\"hidden\" name=\"form_id\" value=\"5d651068\"\/>\n\t\t\t<input type=\"hidden\" name=\"referer_title\" value=\"Comment fonctionne le Test d\u2019apprentissage et de r\u00e9ussite d\u2019Oxford\" \/>\n\n\t\t\t\t\t\t\t<input type=\"hidden\" name=\"queried_id\" value=\"15691\"\/>\n\t\t\t\n\t\t\t<div class=\"elementor-form-fields-wrapper elementor-labels-\">\n\t\t\t\t\t\t\t\t<div class=\"elementor-field-type-email elementor-field-group elementor-column elementor-field-group-kh_dn_email elementor-col-70 elementor-field-required\">\n\t\t\t\t\t\t\t\t\t\t\t\t<label for=\"form-field-kh_dn_email\" class=\"elementor-field-label elementor-screen-only\">\n\t\t\t\t\t\t\t\tEmail\t\t\t\t\t\t\t<\/label>\n\t\t\t\t\t\t\t\t\t\t\t\t\t\t<input size=\"1\" type=\"email\" name=\"form_fields[kh_dn_email]\" id=\"form-field-kh_dn_email\" class=\"elementor-field elementor-size-xl  elementor-field-textual\" placeholder=\"Saisissez votre adresse courriel\" required=\"required\">\n\t\t\t\t\t\t\t\t\t\t\t<\/div>\n\t\t\t\t\t\t\t\t<div class=\"elementor-field-type-text\">\n\t\t\t\t\t<input size=\"1\" type=\"text\" name=\"form_fields[field_ae220f6]\" id=\"form-field-field_ae220f6\" class=\"elementor-field elementor-size-xl \" style=\"display:none !important;\">\t\t\t\t<\/div>\n\t\t\t\t\t\t\t\t<div class=\"elementor-field-type-recaptcha_v3 elementor-field-group elementor-column elementor-field-group-field_763ce0c elementor-col-100 recaptcha_v3-bottomright\">\n\t\t\t\t\t<div class=\"elementor-field\" id=\"form-field-field_763ce0c\"><div class=\"elementor-g-recaptcha\" data-sitekey=\"6Lc8IQ0qAAAAAFO8P1d4PL_M0WF2_LY1_aQOMQ-d\" data-type=\"v3\" data-action=\"Form\" data-badge=\"bottomright\" data-size=\"invisible\"><\/div><\/div>\t\t\t\t<\/div>\n\t\t\t\t\t\t\t\t<div class=\"elementor-field-type-hidden elementor-field-group elementor-column elementor-field-group-kh_dn_address_book elementor-col-100\">\n\t\t\t\t\t\t\t\t\t\t\t\t\t<input size=\"1\" type=\"hidden\" name=\"form_fields[kh_dn_address_book]\" id=\"form-field-kh_dn_address_book\" class=\"elementor-field elementor-size-xl  elementor-field-textual\" value=\"309870\">\n\t\t\t\t\t\t\t\t\t\t\t<\/div>\n\t\t\t\t\t\t\t\t<div class=\"elementor-field-type-hidden elementor-field-group elementor-column elementor-field-group-kh_dn_program elementor-col-100\">\n\t\t\t\t\t\t\t\t\t\t\t\t\t<input size=\"1\" type=\"hidden\" name=\"form_fields[kh_dn_program]\" id=\"form-field-kh_dn_program\" class=\"elementor-field elementor-size-xl  elementor-field-textual\" value=\"155968\">\n\t\t\t\t\t\t\t\t\t\t\t<\/div>\n\t\t\t\t\t\t\t\t<div class=\"elementor-field-group elementor-column elementor-field-type-submit elementor-col-33 e-form__buttons\">\n\t\t\t\t\t<button class=\"elementor-button elementor-size-sm\" type=\"submit\">\n\t\t\t\t\t\t<span class=\"elementor-button-content-wrapper\">\n\t\t\t\t\t\t\t\t\t\t\t\t\t\t\t\t\t\t\t\t\t\t<span class=\"elementor-button-text\">S'abonner<\/span>\n\t\t\t\t\t\t\t\t\t\t\t\t\t<\/span>\n\t\t\t\t\t<\/button>\n\t\t\t\t<\/div>\n\t\t\t<\/div>\n\t\t<\/form>\n\t\t\t\t\t\t<\/div>\n\t\t\t\t<\/div>\n\t\t\t\t<\/div>\n\t\t\t\t\t<\/div>\n\t\t\t\t<\/div>\n\t\t\t\t<\/div>\n\t\t","protected":false},"excerpt":{"rendered":"<p>Le Test d\u2019apprentissage et de r\u00e9ussite d\u2019Oxford est une combinaison exclusive d&rsquo;activit\u00e9s d\u00e9velopp\u00e9es pour donner un aper\u00e7u des r\u00e9sultats scolaires de votre enfant (comp\u00e9tences scolaires) et de sa fa\u00e7on de penser et d&rsquo;apprendre (comp\u00e9tences intellectuelles et potentielles). \u00c0 quoi s&rsquo;attendre lors d\u2019un Test d\u2019apprentissage et de r\u00e9ussite d\u2019Oxford ? Le Test se d\u00e9roule dans l&rsquo;une [&hellip;] [&hellip;]<\/p>\n","protected":false},"author":3,"featured_media":1085,"parent":0,"menu_order":0,"comment_status":"closed","ping_status":"closed","template":"elementor_header_footer","meta":{"footnotes":""},"class_list":["post-15691","page","type-page","status-publish","has-post-thumbnail","hentry"],"meta_box":[],"_links":{"self":[{"href":"https:\/\/olcv2dev.wpenginepowered.com\/fr\/wp-json\/wp\/v2\/pages\/15691","targetHints":{"allow":["GET"]}}],"collection":[{"href":"https:\/\/olcv2dev.wpenginepowered.com\/fr\/wp-json\/wp\/v2\/pages"}],"about":[{"href":"https:\/\/olcv2dev.wpenginepowered.com\/fr\/wp-json\/wp\/v2\/types\/page"}],"author":[{"embeddable":true,"href":"https:\/\/olcv2dev.wpenginepowered.com\/fr\/wp-json\/wp\/v2\/users\/3"}],"replies":[{"embeddable":true,"href":"https:\/\/olcv2dev.wpenginepowered.com\/fr\/wp-json\/wp\/v2\/comments?post=15691"}],"version-history":[{"count":0,"href":"https:\/\/olcv2dev.wpenginepowered.com\/fr\/wp-json\/wp\/v2\/pages\/15691\/revisions"}],"wp:featuredmedia":[{"embeddable":true,"href":"https:\/\/olcv2dev.wpenginepowered.com\/fr\/wp-json\/wp\/v2\/media\/1085"}],"wp:attachment":[{"href":"https:\/\/olcv2dev.wpenginepowered.com\/fr\/wp-json\/wp\/v2\/media?parent=15691"}],"curies":[{"name":"wp","href":"https:\/\/api.w.org\/{rel}","templated":true}]}}