{"id":15692,"date":"2024-07-20T19:35:12","date_gmt":"2024-07-20T19:35:12","guid":{"rendered":"https:\/\/olcv2dev.wpenginepowered.com\/benefits-of-tutoring\/"},"modified":"2025-03-19T18:58:02","modified_gmt":"2025-03-19T18:58:02","slug":"avantages-du-tutorat","status":"publish","type":"page","link":"https:\/\/olcv2dev.wpenginepowered.com\/fr\/avantages-du-tutorat\/","title":{"rendered":"Comment le tutorat aide-t-il ?"},"content":{"rendered":"\t\t<div data-elementor-type=\"wp-page\" data-elementor-id=\"15692\" class=\"elementor elementor-15692 elementor-461\" data-elementor-post-type=\"page\">\n\t\t\t\t<div class=\"elementor-element elementor-element-f6c9e4e other-hero e-con-full e-flex e-con e-parent\" data-id=\"f6c9e4e\" data-element_type=\"container\" data-e-type=\"container\" data-settings=\"{&quot;background_background&quot;:&quot;classic&quot;}\">\n\t\t<div class=\"elementor-element elementor-element-280e97ad e-con-full e-flex e-con e-child\" data-id=\"280e97ad\" data-element_type=\"container\" data-e-type=\"container\">\n\t\t\t\t<div class=\"elementor-element elementor-element-75a64ea2 elementor-widget elementor-widget-heading\" data-id=\"75a64ea2\" data-element_type=\"widget\" data-e-type=\"widget\" data-widget_type=\"heading.default\">\n\t\t\t\t<div class=\"elementor-widget-container\">\n\t\t\t\t\t<h1 class=\"elementor-heading-title elementor-size-default\">Comment le tutorat aide-t-il ?<\/h1>\t\t\t\t<\/div>\n\t\t\t\t<\/div>\n\t\t\t\t<\/div>\n\t\t\t\t<\/div>\n\t\t<div class=\"elementor-element elementor-element-635f29d6 e-flex e-con-boxed e-con e-parent\" data-id=\"635f29d6\" data-element_type=\"container\" data-e-type=\"container\">\n\t\t\t\t\t<div class=\"e-con-inner\">\n\t\t<div class=\"elementor-element elementor-element-383f7aa0 e-con-full e-flex e-con e-child\" data-id=\"383f7aa0\" data-element_type=\"container\" data-e-type=\"container\">\n\t\t\t\t<div class=\"elementor-element elementor-element-3e274eb4 elementor-widget elementor-widget-heading\" data-id=\"3e274eb4\" data-element_type=\"widget\" data-e-type=\"widget\" data-widget_type=\"heading.default\">\n\t\t\t\t<div class=\"elementor-widget-container\">\n\t\t\t\t\t<h2 class=\"elementor-heading-title elementor-size-default\">Comment le tutorat aide-t-il les \u00e9l\u00e8ves ?<\/h2>\t\t\t\t<\/div>\n\t\t\t\t<\/div>\n\t\t\t\t<div class=\"elementor-element elementor-element-a2a6762 elementor-widget-divider--view-line elementor-widget elementor-widget-divider\" data-id=\"a2a6762\" data-element_type=\"widget\" data-e-type=\"widget\" data-widget_type=\"divider.default\">\n\t\t\t\t<div class=\"elementor-widget-container\">\n\t\t\t\t\t\t\t<div class=\"elementor-divider\">\n\t\t\t<span class=\"elementor-divider-separator\">\n\t\t\t\t\t\t<\/span>\n\t\t<\/div>\n\t\t\t\t\t\t<\/div>\n\t\t\t\t<\/div>\n\t\t\t\t<div class=\"elementor-element elementor-element-53a7740b elementor-widget elementor-widget-text-editor\" data-id=\"53a7740b\" data-element_type=\"widget\" data-e-type=\"widget\" data-widget_type=\"text-editor.default\">\n\t\t\t\t<div class=\"elementor-widget-container\">\n\t\t\t\t\t\t\t\t\t<p>Il existe de nombreuses raisons pour lesquelles les parents choisissent le soutien scolaire pour leurs enfants. Certains parents se sentent incapables d&rsquo;aider leurs enfants \u00e0 faire leur travail scolaire. D&rsquo;autres estiment que leurs enfants sont plus r\u00e9ceptifs \u00e0 l&rsquo;id\u00e9e de travailler avec une autre personne pour r\u00e9soudre leurs probl\u00e8mes scolaires. Le tutorat peut aider \u00e0 renforcer la compr\u00e9hension d&rsquo;une mati\u00e8re, \u00e0 accro\u00eetre la confiance en soi et \u00e0 d\u00e9velopper des comp\u00e9tences d&rsquo;apprentissage importantes.   <\/p>\n<p>Le tutorat offre aux \u00e9l\u00e8ves une attention individualis\u00e9e qu&rsquo;ils n&rsquo;obtiennent pas dans une salle de classe surpeupl\u00e9e. Cela aide les enfants qui ont du mal \u00e0 suivre, ainsi que ceux qui ne sont pas assez stimul\u00e9s. Il permet \u00e9galement aux \u00e9l\u00e8ves de rester sur la bonne voie pendant les vacances scolaires, par exemple pendant la p\u00e9riode de rel\u00e2che ou pendant les vacances d&rsquo;\u00e9t\u00e9.  <\/p>\n\t\t\t\t\t\t\t\t<\/div>\n\t\t\t\t<\/div>\n\t\t\t\t<div class=\"elementor-element elementor-element-8419b35 elementor-widget elementor-widget-heading\" data-id=\"8419b35\" data-element_type=\"widget\" data-e-type=\"widget\" data-widget_type=\"heading.default\">\n\t\t\t\t<div class=\"elementor-widget-container\">\n\t\t\t\t\t<h3 class=\"elementor-heading-title elementor-size-default\">Quels sont les avantages du tutorat ?<\/h3>\t\t\t\t<\/div>\n\t\t\t\t<\/div>\n\t\t\t\t<div class=\"elementor-element elementor-element-09007cb elementor-widget elementor-widget-text-editor\" data-id=\"09007cb\" data-element_type=\"widget\" data-e-type=\"widget\" data-widget_type=\"text-editor.default\">\n\t\t\t\t<div class=\"elementor-widget-container\">\n\t\t\t\t\t\t\t\t\t<p>Les programmes de tutorat peuvent aider votre enfant \u00e0 d\u00e9velopper des comp\u00e9tences d&rsquo;\u00e9tude et d&rsquo;apprentissage qui l&rsquo;aideront \u00e0 r\u00e9ussir tout au long de sa vie. Les services de tutorat pr\u00e9sentent de nombreux avantages : <\/p>\n<p><span class=\"has-link-color\">Exp\u00e9rience d&rsquo;apprentissage individuelle et unique<\/span> : Votre enfant b\u00e9n\u00e9ficiera d&rsquo;une exp\u00e9rience d&rsquo;apprentissage individualis\u00e9e qu&rsquo;il ne peut pas toujours obtenir dans une salle de classe. Les tuteurs peuvent adapter les le\u00e7ons et les activit\u00e9s \u00e0 votre enfant. <\/p>\n\t\t\t\t\t\t\t\t<\/div>\n\t\t\t\t<\/div>\n\t\t\t\t<div class=\"elementor-element elementor-element-eb03d2e kh-order-list-coral-ol  no-left-margin-list elementor-widget elementor-widget-html\" data-id=\"eb03d2e\" data-element_type=\"widget\" data-e-type=\"widget\" data-widget_type=\"html.default\">\n\t\t\t\t<div class=\"elementor-widget-container\">\n\t\t\t\t\t<ol>\n    <li>\n        <span><b><i>Une attention personnalis\u00e9e<\/i><\/b> : Les tuteurs apprennent \u00e0 conna\u00eetre le style d'apprentissage individuel de votre enfant et peuvent adapter leurs m\u00e9thodes d'enseignement en cons\u00e9quence. Ils agissent comme le professeur particulier de votre enfant. <\/span>\n    <\/li>\n    <li>\n        <span><b><i>Am\u00e9lioration des r\u00e9sultats scolaires<\/i><\/b> : Le tutorat pr\u00e9pare votre enfant aux tests et aux examens, tandis que les tuteurs travaillent avec votre enfant sur des points probl\u00e9matiques sp\u00e9cifiques. Les notes de votre enfant et sa compr\u00e9hension de la mati\u00e8re s'am\u00e9lioreront consid\u00e9rablement lorsqu'il travaillera avec un tuteur. <\/span>\n    <\/li>\n    <li>\n        <span><b><i>Am\u00e9lioration de l'attitude \u00e0 l'\u00e9gard de l'apprentissage et de l'\u00e9cole<\/i><\/b> : L'apprentissage devient un plaisir pour votre enfant. Gr\u00e2ce \u00e0 des encouragements et des f\u00e9licitations constants, votre enfant ne se sentira plus d\u00e9pass\u00e9 ou frustr\u00e9 par l'\u00e9cole. <\/span>\n    <\/li>\n     <li>\n        <span><b><i>Encourage l'apprentissage \u00e0 son propre rythme et de mani\u00e8re autonome<\/i><\/b> : Gr\u00e2ce au tutorat, votre enfant apprendra \u00e0 prendre l'initiative de son travail scolaire. Il apprendra \u00e9galement \u00e0 contr\u00f4ler son rythme d'apprentissage. <\/span>\n    <\/li>\n     <li>\n        <span><b><i>Am\u00e9lioration de l'estime de soi et de la confiance en soi<\/i><\/b> : L'estime de soi et la confiance en soi de votre enfant augmenteront gr\u00e2ce au soutien scolaire, en lui fournissant les ressources et les comp\u00e9tences dont il a besoin pour exceller \u00e0 l'\u00e9cole.<\/span>\n    <\/li>\n     <li>\n        <span><b><i>Am\u00e9lioration des habitudes de travail et d'\u00e9tude<\/i><\/b> : Gr\u00e2ce au soutien scolaire, votre enfant acquiert des habitudes de travail et d'\u00e9tude qu'il utilisera tout au long de sa vie. Ces comp\u00e9tences aideront votre enfant \u00e0 se pr\u00e9parer \u00e0 atteindre ses objectifs \u00e0 l'int\u00e9rieur et \u00e0 l'ext\u00e9rieur de l'\u00e9cole. <\/span>\n    <\/li>\n     <li>\n        <span><b><i>Un espace de travail positif<\/i><\/b> : Le tutorat offre un environnement exempt de distractions, avec moins d'\u00e9l\u00e8ves et de perturbations, ce qui permet \u00e0 votre enfant de mieux se concentrer sur son apprentissage.<\/span>\n    <\/li>\n     <li>\n        <span><b><i>Encourage l'ind\u00e9pendance et la responsabilit\u00e9<\/i><\/b> : Votre enfant acquiert la capacit\u00e9 de faire son travail scolaire seul, sans votre aide. Votre enfant se rendra compte de son propre d\u00e9veloppement personnel et apprendra \u00e0 assumer la responsabilit\u00e9 de ses \u00e9tudes. <\/span>\n    <\/li>\n     <li>\n        <span><b><i>Aide \u00e0 surmonter les obstacles \u00e0 l'apprentissage<\/i><\/b> : Le tuteur de votre enfant ciblera sp\u00e9cifiquement l'aspect de l'apprentissage qui lui pose probl\u00e8me, qu'il s'agisse de l'\u00e9criture, des math\u00e9matiques, de la langue ou de la lecture.<\/span>\n    <\/li>\n     <li>\n        <span><b><i>Encourage la libert\u00e9 de poser des questions<\/i><\/b> : \u00c0 l'\u00e9cole, votre enfant ne se sent pas toujours \u00e0 l'aise de poser des questions devant ses camarades. Le tutorat lui permettra d'apprendre \u00e0 poser des questions, petites ou grandes, sans se sentir g\u00ean\u00e9. <\/span>\n    <\/li>\n     <li>\n        <span><b><i>Am\u00e9lioration des comp\u00e9tences sociales et comportementales<\/i><\/b> : Les services de tutorat aideront votre enfant \u00e0 mieux communiquer, \u00e0 \u00e9tablir de meilleures relations avec ses pairs et \u00e0 s'adapter de mani\u00e8re plus positive \u00e0 la vie sociale et au comportement.<\/span>\n    <\/li>\n     <li>\n        <span><b><i>Am\u00e9lioration de la capacit\u00e9 \u00e0 g\u00e9rer son apprentissage<\/i><\/b> : Votre enfant deviendra plus comp\u00e9tent dans son apprentissage et r\u00e9ussira mieux \u00e0 g\u00e9rer son travail scolaire.<\/span>\n    <\/li>\n     <li>\n        <span><b><i>D\u00e9fier ceux qui en ont besoin<\/i><\/b> : Le tutorat aide les enfants qui s'ennuient ou qui sont sous-stimul\u00e9s \u00e0 atteindre leur plein potentiel.<\/span>\n    <\/li>\n     <li>\n        <span><b><i>Pr\u00e9parer votre enfant \u00e0 l'entr\u00e9e au coll\u00e8ge ou \u00e0 l'universit\u00e9<\/i><\/b> : Les \u00e9tudiants qui s'appr\u00eatent \u00e0 entrer au coll\u00e8ge ou \u00e0 l'universit\u00e9 apprendront \u00e0 cr\u00e9er des plans d'\u00e9tude, \u00e0 d\u00e9velopper des comp\u00e9tences d'\u00e9tude avanc\u00e9es et \u00e0 acqu\u00e9rir des comp\u00e9tences sup\u00e9rieures en mati\u00e8re de gestion du temps. Le tutorat au coll\u00e8ge pr\u00e9sente de nombreux avantages, notamment le renforcement des connaissances existantes et l'acquisition d'une meilleure compr\u00e9hension d'un domaine d'\u00e9tudes. <\/span>\n    <\/li>\n\n<\/ol>\t\t\t\t<\/div>\n\t\t\t\t<\/div>\n\t\t\t\t<div class=\"elementor-element elementor-element-eef7246 elementor-widget elementor-widget-heading\" data-id=\"eef7246\" data-element_type=\"widget\" data-e-type=\"widget\" data-widget_type=\"heading.default\">\n\t\t\t\t<div class=\"elementor-widget-container\">\n\t\t\t\t\t<h2 class=\"elementor-heading-title elementor-size-default\">Pourquoi choisir le Centre d\u2019apprentissage Oxford ?<\/h2>\t\t\t\t<\/div>\n\t\t\t\t<\/div>\n\t\t\t\t<div class=\"elementor-element elementor-element-7d6cb29 elementor-widget elementor-widget-text-editor\" data-id=\"7d6cb29\" data-element_type=\"widget\" data-e-type=\"widget\" data-widget_type=\"text-editor.default\">\n\t\t\t\t<div class=\"elementor-widget-container\">\n\t\t\t\t\t\t\t\t\t<p>Avec le Centre d\u2019apprentissage Oxford, nos programmes de tutorat personnalis\u00e9s enseignent \u00e0 votre enfant les comp\u00e9tences dont il a besoin pour relever les d\u00e9fis de l&rsquo;\u00e9cole et l&rsquo;aideront \u00e0 d\u00e9velopper une pens\u00e9e critique et des comp\u00e9tences d&rsquo;apprentissage qui lui serviront tout au long de sa vie. <\/p>\n\t\t\t\t\t\t\t\t<\/div>\n\t\t\t\t<\/div>\n\t\t\t\t<div class=\"elementor-element elementor-element-80426dc elementor-widget elementor-widget-heading\" data-id=\"80426dc\" data-element_type=\"widget\" data-e-type=\"widget\" data-widget_type=\"heading.default\">\n\t\t\t\t<div class=\"elementor-widget-container\">\n\t\t\t\t\t<h3 class=\"elementor-heading-title elementor-size-default\">Le test d\u2019apprentissage et de r\u00e9ussite d\u2019Oxford<\/h3>\t\t\t\t<\/div>\n\t\t\t\t<\/div>\n\t\t\t\t<div class=\"elementor-element elementor-element-1327248 elementor-widget elementor-widget-text-editor\" data-id=\"1327248\" data-element_type=\"widget\" data-e-type=\"widget\" data-widget_type=\"text-editor.default\">\n\t\t\t\t<div class=\"elementor-widget-container\">\n\t\t\t\t\t\t\t\t\t<p>Le Centre d\u2019apprentissage Oxford utilise le <strong><a href=\"https:\/\/olcv2dev.wpenginepowered.com\/fr\/evaluation-dynamique\/\">test d\u2019apprentissage et de r\u00e9ussite<\/a><\/strong> pour d\u00e9terminer comment votre enfant apprend. Ce test examine les points forts, les besoins et le potentiel de votre enfant, sans aucun stress. Les r\u00e9sultats de ce test nous permettent d&rsquo;\u00e9laborer un programme sp\u00e9cifiquement adapt\u00e9 aux besoins de votre enfant.  <\/p>\n\t\t\t\t\t\t\t\t<\/div>\n\t\t\t\t<\/div>\n\t\t\t\t<div class=\"elementor-element elementor-element-9c3b93f elementor-widget elementor-widget-heading\" data-id=\"9c3b93f\" data-element_type=\"widget\" data-e-type=\"widget\" data-widget_type=\"heading.default\">\n\t\t\t\t<div class=\"elementor-widget-container\">\n\t\t\t\t\t<h3 class=\"elementor-heading-title elementor-size-default\">Programmes personnalis\u00e9s<\/h3>\t\t\t\t<\/div>\n\t\t\t\t<\/div>\n\t\t\t\t<div class=\"elementor-element elementor-element-3789e1a elementor-widget elementor-widget-text-editor\" data-id=\"3789e1a\" data-element_type=\"widget\" data-e-type=\"widget\" data-widget_type=\"text-editor.default\">\n\t\t\t\t<div class=\"elementor-widget-container\">\n\t\t\t\t\t\t\t\t\t<p>Le Centre d\u2019apprentissage Oxford propose des programmes personnalis\u00e9s en fonction des besoins uniques et acad\u00e9miques de votre enfant. Votre enfant recevra un plan d&rsquo;apprentissage personnalis\u00e9, des strat\u00e9gies d&rsquo;apprentissage \u00e0 mettre en \u0153uvre \u00e0 l&rsquo;\u00e9cole, des conseils d&rsquo;\u00e9tude et d&rsquo;organisation et des habitudes scolaires am\u00e9lior\u00e9es. <\/p>\n\t\t\t\t\t\t\t\t<\/div>\n\t\t\t\t<\/div>\n\t\t\t\t<div class=\"elementor-element elementor-element-d0a4f90 elementor-widget elementor-widget-heading\" data-id=\"d0a4f90\" data-element_type=\"widget\" data-e-type=\"widget\" data-widget_type=\"heading.default\">\n\t\t\t\t<div class=\"elementor-widget-container\">\n\t\t\t\t\t<h3 class=\"elementor-heading-title elementor-size-default\">Apprentissage interactif et amusant<\/h3>\t\t\t\t<\/div>\n\t\t\t\t<\/div>\n\t\t\t\t<div class=\"elementor-element elementor-element-68ae5c9 elementor-widget elementor-widget-text-editor\" data-id=\"68ae5c9\" data-element_type=\"widget\" data-e-type=\"widget\" data-widget_type=\"text-editor.default\">\n\t\t\t\t<div class=\"elementor-widget-container\">\n\t\t\t\t\t\t\t\t\t<p>Au Centre d\u2019apprentissage Oxford, votre enfant recevra un enseignement individuel \u00e9quilibr\u00e9 par un travail individualis\u00e9. Plus important encore, votre enfant apprendra \u00e0 s&rsquo;amuser tout en apprenant. Nous voulons que votre enfant appr\u00e9cie l&rsquo;\u00e9cole et l&rsquo;apprentissage et qu&rsquo;il s&rsquo;y int\u00e9resse, afin qu&rsquo;il puisse r\u00e9aliser son plein potentiel.  <\/p>\n<p>Apprenez-en plus sur la fa\u00e7on dont le <a href=\"https:\/\/olcv2dev.wpenginepowered.com\/fr\/comment-pouvons-nous-vous-aider\/\"><strong>Centre d\u2019apprentissage Oxford peut vous aide<\/strong><\/a>r et <a href=\"https:\/\/olcv2dev.wpenginepowered.com\/fr\/programs\/\"><strong>trouvez un programme<\/strong><\/a> d\u00e8s aujourd&rsquo;hui !<\/p>\n\t\t\t\t\t\t\t\t<\/div>\n\t\t\t\t<\/div>\n\t\t\t\t<\/div>\n\t\t\t\t\t<\/div>\n\t\t\t\t<\/div>\n\t\t<div class=\"elementor-element elementor-element-262b4714 e-flex e-con-boxed e-con e-parent\" data-id=\"262b4714\" data-element_type=\"container\" data-e-type=\"container\" data-settings=\"{&quot;background_background&quot;:&quot;classic&quot;}\">\n\t\t\t\t\t<div class=\"e-con-inner\">\n\t\t\t\t<div class=\"elementor-element elementor-element-7bd756b8 elementor-widget elementor-widget-heading\" data-id=\"7bd756b8\" data-element_type=\"widget\" data-e-type=\"widget\" data-widget_type=\"heading.default\">\n\t\t\t\t<div class=\"elementor-widget-container\">\n\t\t\t\t\t<h2 class=\"elementor-heading-title elementor-size-default\">Trouvez un centre d'apprentissage d'Oxford pr\u00e8s de vous!<\/h2>\t\t\t\t<\/div>\n\t\t\t\t<\/div>\n\t\t\t\t<div class=\"elementor-element elementor-element-1300778a elementor-align-center elementor-widget elementor-widget-button\" data-id=\"1300778a\" data-element_type=\"widget\" data-e-type=\"widget\" data-widget_type=\"button.default\">\n\t\t\t\t<div class=\"elementor-widget-container\">\n\t\t\t\t\t\t\t\t\t<div class=\"elementor-button-wrapper\">\n\t\t\t\t\t<a class=\"elementor-button elementor-button-link elementor-size-sm\" href=\"\/fr\/locations\/\">\n\t\t\t\t\t\t<span class=\"elementor-button-content-wrapper\">\n\t\t\t\t\t\t<span class=\"elementor-button-icon\">\n\t\t\t\t<svg aria-hidden=\"true\" class=\"e-font-icon-svg e-fas-map-marker-alt\" viewBox=\"0 0 384 512\" xmlns=\"http:\/\/www.w3.org\/2000\/svg\"><path d=\"M172.268 501.67C26.97 291.031 0 269.413 0 192 0 85.961 85.961 0 192 0s192 85.961 192 192c0 77.413-26.97 99.031-172.268 309.67-9.535 13.774-29.93 13.773-39.464 0zM192 272c44.183 0 80-35.817 80-80s-35.817-80-80-80-80 35.817-80 80 35.817 80 80 80z\"><\/path><\/svg>\t\t\t<\/span>\n\t\t\t\t\t\t\t\t\t<span class=\"elementor-button-text\">Trouvez un centre<\/span>\n\t\t\t\t\t<\/span>\n\t\t\t\t\t<\/a>\n\t\t\t\t<\/div>\n\t\t\t\t\t\t\t\t<\/div>\n\t\t\t\t<\/div>\n\t\t\t\t\t<\/div>\n\t\t\t\t<\/div>\n\t\t<div class=\"elementor-element elementor-element-763b4cd e-con-full e-flex e-con e-parent\" data-id=\"763b4cd\" data-element_type=\"container\" data-e-type=\"container\">\n\t\t\t\t<div class=\"elementor-element elementor-element-3f3fa49 elementor-widget elementor-widget-template\" data-id=\"3f3fa49\" data-element_type=\"widget\" data-e-type=\"widget\" data-widget_type=\"template.default\">\n\t\t\t\t<div class=\"elementor-widget-container\">\n\t\t\t\t\t\t\t<div class=\"elementor-template\">\n\t\t\t\t\t<div data-elementor-type=\"section\" data-elementor-id=\"1075\" class=\"elementor elementor-1075 elementor-281 elementor-281\" data-elementor-post-type=\"elementor_library\">\n\t\t\t<div class=\"elementor-element elementor-element-5900338 e-flex e-con-boxed e-con e-parent\" data-id=\"5900338\" data-element_type=\"container\" data-e-type=\"container\" data-settings=\"{&quot;background_background&quot;:&quot;classic&quot;}\">\n\t\t\t\t\t<div class=\"e-con-inner\">\n\t\t<div class=\"elementor-element elementor-element-3624205 e-con-full e-flex e-con e-child\" data-id=\"3624205\" data-element_type=\"container\" data-e-type=\"container\">\n\t\t\t\t<div class=\"elementor-element elementor-element-0a4ac8c elementor-widget elementor-widget-heading\" data-id=\"0a4ac8c\" data-element_type=\"widget\" data-e-type=\"widget\" data-widget_type=\"heading.default\">\n\t\t\t\t<div class=\"elementor-widget-container\">\n\t\t\t\t\t<h2 class=\"elementor-heading-title elementor-size-default\">Rejoignez <span class=\"list-line\">la liste d\u2019envoi<\/span> du Centre d'apprentissage Oxford<\/h2>\t\t\t\t<\/div>\n\t\t\t\t<\/div>\n\t\t\t\t<div class=\"elementor-element elementor-element-776e7c9 elementor-widget elementor-widget-heading\" data-id=\"776e7c9\" data-element_type=\"widget\" data-e-type=\"widget\" data-widget_type=\"heading.default\">\n\t\t\t\t<div class=\"elementor-widget-container\">\n\t\t\t\t\t<span class=\"elementor-heading-title elementor-size-default\">Recevez chaque semaine des conseils d'apprentissage et des articles sur l'\u00e9ducation directement dans votre bo\u00eete aux lettres \u00e9lectronique. Inscrivez-vous d\u00e8s aujourd'hui !<\/span>\t\t\t\t<\/div>\n\t\t\t\t<\/div>\n\t\t\t\t<\/div>\n\t\t<div class=\"elementor-element elementor-element-edd9972 e-con-full e-flex e-con e-child\" data-id=\"edd9972\" data-element_type=\"container\" data-e-type=\"container\">\n\t\t\t\t<div class=\"elementor-element elementor-element-89e5762 elementor-button-align-stretch elementor-widget elementor-widget-form\" data-id=\"89e5762\" data-element_type=\"widget\" data-e-type=\"widget\" data-settings=\"{&quot;button_width&quot;:&quot;33&quot;,&quot;step_next_label&quot;:&quot;suivant&quot;,&quot;step_previous_label&quot;:&quot;pr\\u00e9c\\u00e9dent&quot;,&quot;step_type&quot;:&quot;number_text&quot;,&quot;step_icon_shape&quot;:&quot;circle&quot;}\" data-widget_type=\"form.default\">\n\t\t\t\t<div class=\"elementor-widget-container\">\n\t\t\t\t\t\t\t<form class=\"elementor-form\" method=\"post\" name=\"kh_newsletter\" aria-label=\"kh_newsletter\">\n\t\t\t<input type=\"hidden\" name=\"post_id\" value=\"1075\"\/>\n\t\t\t<input type=\"hidden\" name=\"form_id\" value=\"89e5762\"\/>\n\t\t\t<input type=\"hidden\" name=\"referer_title\" value=\"\" \/>\n\n\t\t\t\n\t\t\t<div class=\"elementor-form-fields-wrapper elementor-labels-\">\n\t\t\t\t\t\t\t\t<div class=\"elementor-field-type-email elementor-field-group elementor-column elementor-field-group-kh_dn_email elementor-col-70 elementor-field-required\">\n\t\t\t\t\t\t\t\t\t\t\t\t<label for=\"form-field-kh_dn_email\" class=\"elementor-field-label elementor-screen-only\">\n\t\t\t\t\t\t\t\tEmail\t\t\t\t\t\t\t<\/label>\n\t\t\t\t\t\t\t\t\t\t\t\t\t\t<input size=\"1\" type=\"email\" name=\"form_fields[kh_dn_email]\" id=\"form-field-kh_dn_email\" class=\"elementor-field elementor-size-xl  elementor-field-textual\" placeholder=\"Saisissez votre adresse courriel\" required=\"required\">\n\t\t\t\t\t\t\t\t\t\t\t<\/div>\n\t\t\t\t\t\t\t\t<div class=\"elementor-field-type-text\">\n\t\t\t\t\t<input size=\"1\" type=\"text\" name=\"form_fields[field_ae220f6]\" id=\"form-field-field_ae220f6\" class=\"elementor-field elementor-size-xl \" style=\"display:none !important;\">\t\t\t\t<\/div>\n\t\t\t\t\t\t\t\t<div class=\"elementor-field-type-recaptcha_v3 elementor-field-group elementor-column elementor-field-group-field_763ce0c elementor-col-100 recaptcha_v3-bottomright\">\n\t\t\t\t\t<div class=\"elementor-field\" id=\"form-field-field_763ce0c\"><div class=\"elementor-g-recaptcha\" data-sitekey=\"6Lc8IQ0qAAAAAFO8P1d4PL_M0WF2_LY1_aQOMQ-d\" data-type=\"v3\" data-action=\"Form\" data-badge=\"bottomright\" data-size=\"invisible\"><\/div><\/div>\t\t\t\t<\/div>\n\t\t\t\t\t\t\t\t<div class=\"elementor-field-type-hidden elementor-field-group elementor-column elementor-field-group-kh_dn_address_book elementor-col-100\">\n\t\t\t\t\t\t\t\t\t\t\t\t\t<input size=\"1\" type=\"hidden\" name=\"form_fields[kh_dn_address_book]\" id=\"form-field-kh_dn_address_book\" class=\"elementor-field elementor-size-xl  elementor-field-textual\" value=\"309870\">\n\t\t\t\t\t\t\t\t\t\t\t<\/div>\n\t\t\t\t\t\t\t\t<div class=\"elementor-field-type-hidden elementor-field-group elementor-column elementor-field-group-kh_dn_program elementor-col-100\">\n\t\t\t\t\t\t\t\t\t\t\t\t\t<input size=\"1\" type=\"hidden\" name=\"form_fields[kh_dn_program]\" id=\"form-field-kh_dn_program\" class=\"elementor-field elementor-size-xl  elementor-field-textual\" value=\"155968\">\n\t\t\t\t\t\t\t\t\t\t\t<\/div>\n\t\t\t\t\t\t\t\t<div class=\"elementor-field-group elementor-column elementor-field-type-submit elementor-col-33 e-form__buttons\">\n\t\t\t\t\t<button class=\"elementor-button elementor-size-sm\" type=\"submit\">\n\t\t\t\t\t\t<span class=\"elementor-button-content-wrapper\">\n\t\t\t\t\t\t\t\t\t\t\t\t\t\t\t\t\t\t\t\t\t\t<span class=\"elementor-button-text\">S'abonner<\/span>\n\t\t\t\t\t\t\t\t\t\t\t\t\t<\/span>\n\t\t\t\t\t<\/button>\n\t\t\t\t<\/div>\n\t\t\t<\/div>\n\t\t<\/form>\n\t\t\t\t\t\t<\/div>\n\t\t\t\t<\/div>\n\t\t\t\t<\/div>\n\t\t\t\t\t<\/div>\n\t\t\t\t<\/div>\n\t\t\t\t<\/div>\n\t\t\t\t<\/div>\n\t\t\t\t\t\t<\/div>\n\t\t\t\t<\/div>\n\t\t\t\t<\/div>\n\t\t\t\t<\/div>\n\t\t","protected":false},"excerpt":{"rendered":"<p>Comment le tutorat aide-t-il les \u00e9l\u00e8ves ? Il existe de nombreuses raisons pour lesquelles les parents choisissent le soutien scolaire pour leurs enfants. Certains parents se sentent incapables d&rsquo;aider leurs enfants \u00e0 faire leur travail scolaire. D&rsquo;autres estiment que leurs enfants sont plus r\u00e9ceptifs \u00e0 l&rsquo;id\u00e9e de travailler avec une autre personne pour r\u00e9soudre leurs [&hellip;] [&hellip;]<\/p>\n","protected":false},"author":3,"featured_media":1088,"parent":0,"menu_order":0,"comment_status":"closed","ping_status":"closed","template":"elementor_header_footer","meta":{"footnotes":""},"class_list":["post-15692","page","type-page","status-publish","has-post-thumbnail","hentry"],"meta_box":[],"_links":{"self":[{"href":"https:\/\/olcv2dev.wpenginepowered.com\/fr\/wp-json\/wp\/v2\/pages\/15692","targetHints":{"allow":["GET"]}}],"collection":[{"href":"https:\/\/olcv2dev.wpenginepowered.com\/fr\/wp-json\/wp\/v2\/pages"}],"about":[{"href":"https:\/\/olcv2dev.wpenginepowered.com\/fr\/wp-json\/wp\/v2\/types\/page"}],"author":[{"embeddable":true,"href":"https:\/\/olcv2dev.wpenginepowered.com\/fr\/wp-json\/wp\/v2\/users\/3"}],"replies":[{"embeddable":true,"href":"https:\/\/olcv2dev.wpenginepowered.com\/fr\/wp-json\/wp\/v2\/comments?post=15692"}],"version-history":[{"count":0,"href":"https:\/\/olcv2dev.wpenginepowered.com\/fr\/wp-json\/wp\/v2\/pages\/15692\/revisions"}],"wp:featuredmedia":[{"embeddable":true,"href":"https:\/\/olcv2dev.wpenginepowered.com\/fr\/wp-json\/wp\/v2\/media\/1088"}],"wp:attachment":[{"href":"https:\/\/olcv2dev.wpenginepowered.com\/fr\/wp-json\/wp\/v2\/media?parent=15692"}],"curies":[{"name":"wp","href":"https:\/\/api.w.org\/{rel}","templated":true}]}}