{"id":15700,"date":"2024-07-19T21:53:38","date_gmt":"2024-07-19T21:53:38","guid":{"rendered":"https:\/\/olcv2dev.wpenginepowered.com\/programmes-d-enrichissement\/"},"modified":"2025-02-10T23:41:06","modified_gmt":"2025-02-10T23:41:06","slug":"programmes-d-enrichissement","status":"publish","type":"page","link":"https:\/\/olcv2dev.wpenginepowered.com\/fr\/services-specialises-de-tutorat\/programmes-d-enrichissement\/","title":{"rendered":"Enrichissement"},"content":{"rendered":"\t\t<div data-elementor-type=\"wp-page\" data-elementor-id=\"15700\" class=\"elementor elementor-15700 elementor-503\" data-elementor-post-type=\"page\">\n\t\t\t\t<div class=\"elementor-element elementor-element-4e835ae2 other-hero e-con-full e-flex e-con e-parent\" data-id=\"4e835ae2\" data-element_type=\"container\" data-e-type=\"container\" data-settings=\"{&quot;background_background&quot;:&quot;classic&quot;}\">\n\t\t<div class=\"elementor-element elementor-element-5b2df650 e-con-full e-flex e-con e-child\" data-id=\"5b2df650\" data-element_type=\"container\" data-e-type=\"container\">\n\t\t\t\t<div class=\"elementor-element elementor-element-7c3d773 elementor-widget elementor-widget-heading\" data-id=\"7c3d773\" data-element_type=\"widget\" data-e-type=\"widget\" data-widget_type=\"heading.default\">\n\t\t\t\t<div class=\"elementor-widget-container\">\n\t\t\t\t\t<h1 class=\"elementor-heading-title elementor-size-default\">Enrichissement<\/h1>\t\t\t\t<\/div>\n\t\t\t\t<\/div>\n\t\t\t\t<\/div>\n\t\t\t\t<\/div>\n\t\t<div class=\"elementor-element elementor-element-2d589a1 e-flex e-con-boxed e-con e-parent\" data-id=\"2d589a1\" data-element_type=\"container\" data-e-type=\"container\">\n\t\t\t\t\t<div class=\"e-con-inner\">\n\t\t\t\t<div class=\"elementor-element elementor-element-5aab2f0 elementor-widget elementor-widget-heading\" data-id=\"5aab2f0\" data-element_type=\"widget\" data-e-type=\"widget\" data-widget_type=\"heading.default\">\n\t\t\t\t<div class=\"elementor-widget-container\">\n\t\t\t\t\t<h2 class=\"elementor-heading-title elementor-size-default\">Prendre de l'avance en classe<\/h2>\t\t\t\t<\/div>\n\t\t\t\t<\/div>\n\t\t\t\t<div class=\"elementor-element elementor-element-580b13e elementor-widget elementor-widget-text-editor\" data-id=\"580b13e\" data-element_type=\"widget\" data-e-type=\"widget\" data-widget_type=\"text-editor.default\">\n\t\t\t\t<div class=\"elementor-widget-container\">\n\t\t\t\t\t\t\t\t\t<p>Lorsque la classe n&rsquo;offre pas assez de d\u00e9fis, le programme d&rsquo;enrichissement du Centre d\u2019apprentissage Oxford peut vous aider. Nos programmes personnalis\u00e9s sont con\u00e7us pour r\u00e9pondre aux besoins uniques de chaque enfant et progresser \u00e0 un rythme que l&rsquo;\u00e9l\u00e8ve trouve confortable \u2013 ni trop rapide, ni trop lent. <\/p>\n\t\t\t\t\t\t\t\t<\/div>\n\t\t\t\t<\/div>\n\t\t\t\t\t<\/div>\n\t\t\t\t<\/div>\n\t\t<div class=\"elementor-element elementor-element-b0a07bf e-flex e-con-boxed e-con e-parent\" data-id=\"b0a07bf\" data-element_type=\"container\" data-e-type=\"container\">\n\t\t\t\t\t<div class=\"e-con-inner\">\n\t\t\t\t<div class=\"elementor-element elementor-element-7d17205 elementor-widget elementor-widget-heading\" data-id=\"7d17205\" data-element_type=\"widget\" data-e-type=\"widget\" data-widget_type=\"heading.default\">\n\t\t\t\t<div class=\"elementor-widget-container\">\n\t\t\t\t\t<h2 class=\"elementor-heading-title elementor-size-default\">Votre enfant fixe le rythme<\/h2>\t\t\t\t<\/div>\n\t\t\t\t<\/div>\n\t\t\t\t<div class=\"elementor-element elementor-element-db98aa8 elementor-widget elementor-widget-text-editor\" data-id=\"db98aa8\" data-element_type=\"widget\" data-e-type=\"widget\" data-widget_type=\"text-editor.default\">\n\t\t\t\t<div class=\"elementor-widget-container\">\n\t\t\t\t\t\t\t\t\t<p>Parce que le programme de votre enfant est personnalis\u00e9 pour r\u00e9pondre \u00e0 ses besoins, votre enfant n&rsquo;est pas limit\u00e9 \u00e0 l&rsquo;apprentissage selon les exigences pr\u00e9d\u00e9termin\u00e9es de sa classe, ce qui lui permet d&rsquo;apprendre des concepts sup\u00e9rieurs \u00e0 ceux de sa classe lorsqu&rsquo;il est pr\u00eat. Gr\u00e2ce au programme d&rsquo;enrichissement du Centre d\u2019apprentissage Oxford, votre enfant restera motiv\u00e9 et stimul\u00e9 sur le plan acad\u00e9mique \u00e0 l&rsquo;int\u00e9rieur et \u00e0 l&rsquo;ext\u00e9rieur de la salle de classe. Le Centre d\u2019apprentissage Oxford propose des programmes d&rsquo;enrichissement qui permettent \u00e0 votre enfant de passer au niveau sup\u00e9rieur :  <\/p>\n\t\t\t\t\t\t\t\t<\/div>\n\t\t\t\t<\/div>\n\t\t\t\t\t<\/div>\n\t\t\t\t<\/div>\n\t\t<div class=\"elementor-element elementor-element-8de62d4 e-flex e-con-boxed e-con e-parent\" data-id=\"8de62d4\" data-element_type=\"container\" data-e-type=\"container\">\n\t\t\t\t\t<div class=\"e-con-inner\">\n\t\t\t\t<div class=\"elementor-element elementor-element-5b558e9 elementor-widget elementor-widget-heading\" data-id=\"5b558e9\" data-element_type=\"widget\" data-e-type=\"widget\" data-widget_type=\"heading.default\">\n\t\t\t\t<div class=\"elementor-widget-container\">\n\t\t\t\t\t<h2 class=\"elementor-heading-title elementor-size-default\">Enrichissement au primaire<\/h2>\t\t\t\t<\/div>\n\t\t\t\t<\/div>\n\t\t\t\t<div class=\"elementor-element elementor-element-f437aa6 elementor-widget-divider--view-line elementor-widget elementor-widget-divider\" data-id=\"f437aa6\" data-element_type=\"widget\" data-e-type=\"widget\" data-widget_type=\"divider.default\">\n\t\t\t\t<div class=\"elementor-widget-container\">\n\t\t\t\t\t\t\t<div class=\"elementor-divider\">\n\t\t\t<span class=\"elementor-divider-separator\">\n\t\t\t\t\t\t<\/span>\n\t\t<\/div>\n\t\t\t\t\t\t<\/div>\n\t\t\t\t<\/div>\n\t\t\t\t<div class=\"elementor-element elementor-element-6030759 checkmark-list-dark list-two elementor-widget elementor-widget-text-editor\" data-id=\"6030759\" data-element_type=\"widget\" data-e-type=\"widget\" data-widget_type=\"text-editor.default\">\n\t\t\t\t<div class=\"elementor-widget-container\">\n\t\t\t\t\t\t\t\t\t<ul>\n<li>\u00c9quilibrer efficacement leur emploi du temps scolaire<\/li>\n<li>Veiller \u00e0 ce que le travail soit fait au mieux de ses capacit\u00e9s et dans les d\u00e9lais impartis<\/li>\n<li>Cultiver des strat\u00e9gies de pens\u00e9e critique<\/li>\n<\/ul>\n\t\t\t\t\t\t\t\t<\/div>\n\t\t\t\t<\/div>\n\t\t\t\t\t<\/div>\n\t\t\t\t<\/div>\n\t\t<div class=\"elementor-element elementor-element-6147fb8 e-flex e-con-boxed e-con e-parent\" data-id=\"6147fb8\" data-element_type=\"container\" data-e-type=\"container\">\n\t\t\t\t\t<div class=\"e-con-inner\">\n\t\t\t\t<div class=\"elementor-element elementor-element-1baad8b elementor-widget elementor-widget-heading\" data-id=\"1baad8b\" data-element_type=\"widget\" data-e-type=\"widget\" data-widget_type=\"heading.default\">\n\t\t\t\t<div class=\"elementor-widget-container\">\n\t\t\t\t\t<h2 class=\"elementor-heading-title elementor-size-default\">Enrichissement au secondaire<\/h2>\t\t\t\t<\/div>\n\t\t\t\t<\/div>\n\t\t\t\t<div class=\"elementor-element elementor-element-d6635fd elementor-widget-divider--view-line elementor-widget elementor-widget-divider\" data-id=\"d6635fd\" data-element_type=\"widget\" data-e-type=\"widget\" data-widget_type=\"divider.default\">\n\t\t\t\t<div class=\"elementor-widget-container\">\n\t\t\t\t\t\t\t<div class=\"elementor-divider\">\n\t\t\t<span class=\"elementor-divider-separator\">\n\t\t\t\t\t\t<\/span>\n\t\t<\/div>\n\t\t\t\t\t\t<\/div>\n\t\t\t\t<\/div>\n\t\t\t\t<div class=\"elementor-element elementor-element-9ff03ca checkmark-list-dark list-two elementor-widget elementor-widget-text-editor\" data-id=\"9ff03ca\" data-element_type=\"widget\" data-e-type=\"widget\" data-widget_type=\"text-editor.default\">\n\t\t\t\t<div class=\"elementor-widget-container\">\n\t\t\t\t\t\t\t\t\t<ul>\n<li style=\"font-weight: 400;\" aria-level=\"1\">Adopter une attitude engag\u00e9e \u00e0 l&rsquo;\u00e9gard du programme d&rsquo;\u00e9tudes de l&rsquo;enseignement secondaire<\/li>\n<li style=\"font-weight: 400;\" aria-level=\"1\">D\u00e9velopper des techniques d&rsquo;\u00e9tude et se pr\u00e9parer \u00e0 des examens ou des devoirs importants<\/li>\n<li style=\"font-weight: 400;\" aria-level=\"1\">Int\u00e9r\u00eat pour certaines mati\u00e8res<\/li>\n<li style=\"font-weight: 400;\" aria-level=\"1\">Am\u00e9lioration des comp\u00e9tences de prise de notes afin d&rsquo;assimiler de grandes quantit\u00e9s d&rsquo;informations et de les traiter efficacement afin de retenir les informations importantes<\/li>\n<li style=\"font-weight: 400;\" aria-level=\"1\">Communiquer des id\u00e9es de mani\u00e8re coh\u00e9rente et cibl\u00e9e<\/li>\n<\/ul>\n\t\t\t\t\t\t\t\t<\/div>\n\t\t\t\t<\/div>\n\t\t\t\t\t<\/div>\n\t\t\t\t<\/div>\n\t\t<div class=\"elementor-element elementor-element-f34e044 e-con-full e-flex e-con e-parent\" data-id=\"f34e044\" data-element_type=\"container\" data-e-type=\"container\">\n\t\t\t\t<div class=\"elementor-element elementor-element-9287db6 elementor-widget elementor-widget-template\" data-id=\"9287db6\" data-element_type=\"widget\" data-e-type=\"widget\" data-widget_type=\"template.default\">\n\t\t\t\t<div class=\"elementor-widget-container\">\n\t\t\t\t\t\t\t<div class=\"elementor-template\">\n\t\t\t\t\t<div data-elementor-type=\"section\" data-elementor-id=\"1074\" class=\"elementor elementor-1074 elementor-291 elementor-291\" data-elementor-post-type=\"elementor_library\">\n\t\t\t<div class=\"elementor-element elementor-element-d8ad2ad e-flex e-con-boxed e-con e-parent\" data-id=\"d8ad2ad\" data-element_type=\"container\" data-e-type=\"container\" data-settings=\"{&quot;background_background&quot;:&quot;classic&quot;}\">\n\t\t\t\t\t<div class=\"e-con-inner\">\n\t\t<div class=\"elementor-element elementor-element-2877e6d e-con-full e-flex e-con e-child\" data-id=\"2877e6d\" data-element_type=\"container\" data-e-type=\"container\">\n\t\t\t\t<div class=\"elementor-element elementor-element-7211570 elementor-view-default elementor-widget elementor-widget-icon\" data-id=\"7211570\" data-element_type=\"widget\" data-e-type=\"widget\" data-widget_type=\"icon.default\">\n\t\t\t\t<div class=\"elementor-widget-container\">\n\t\t\t\t\t\t\t<div class=\"elementor-icon-wrapper\">\n\t\t\t<div class=\"elementor-icon\">\n\t\t\t<svg xmlns=\"http:\/\/www.w3.org\/2000\/svg\" width=\"61\" height=\"91\" viewBox=\"0 0 61 91\" fill=\"none\"><path fill-rule=\"evenodd\" clip-rule=\"evenodd\" d=\"M3.46863 30.9467C3.43678 16.102 9.04338 7.75578 19.715 3.26413C30.0363 -1.1001 39.8479 -0.654123 48.5763 7.08681C58.3879 15.7834 62.0513 28.016 57.1137 39.6434C51.6026 52.6086 42.0778 63.121 33.3493 74.0157C32.0432 75.6403 30.1956 77.2649 28.5072 74.9395C17.7718 60.2859 5.09328 46.5879 3.46863 30.9467ZM30.8964 70.7027C35.6429 64.3634 39.9116 58.8205 43.9891 53.182C46.5057 49.6779 49.086 46.1419 51.1566 42.3829C57.5596 30.883 55.266 18.5867 45.3907 9.95383C37.5861 3.16856 26.341 3.10485 16.8162 9.82641C7.06833 16.7391 4.6473 26.2002 10.222 39.1018C15.1278 50.4106 22.2954 60.4451 30.8964 70.7027Z\" fill=\"#FFDB48\"><\/path><path fill-rule=\"evenodd\" clip-rule=\"evenodd\" d=\"M61 87.2046C41.4406 91.1228 21.6582 90.0397 1.90768 90.422C-0.354077 90.5494 -0.290365 87.3957 1.78026 87.2046C21.5308 87.2046 41.2495 87.2046 61 87.2046Z\" fill=\"#FFDB48\"><\/path><path fill-rule=\"evenodd\" clip-rule=\"evenodd\" d=\"M33.8908 17.7263C40.4531 17.7263 46.2189 22.9506 45.9959 29.9907C45.773 36.9671 39.5611 42.4782 32.0113 42.2552C24.4296 42.0003 19.1416 38.8785 19.5239 30.4367C19.8424 22.3453 23.7607 17.4396 33.8908 17.7263ZM31.1193 21.8994C27.0099 21.4852 24.0155 24.2567 23.6332 29.8633C23.2191 35.8522 26.7232 38.0821 32.1387 38.1776C37.5542 38.2732 41.2176 35.5336 41.568 30.2137C41.9184 24.5434 38.1276 22.1224 31.1193 21.8994Z\" fill=\"#FFDB48\"><\/path><\/svg>\t\t\t<\/div>\n\t\t<\/div>\n\t\t\t\t\t\t<\/div>\n\t\t\t\t<\/div>\n\t\t\t\t<div class=\"elementor-element elementor-element-fe85374 elementor-widget elementor-widget-heading\" data-id=\"fe85374\" data-element_type=\"widget\" data-e-type=\"widget\" data-widget_type=\"heading.default\">\n\t\t\t\t<div class=\"elementor-widget-container\">\n\t\t\t\t\t<h2 class=\"elementor-heading-title elementor-size-default\">Trouvez un Centre d\u2019apprentissage Oxford<span class=\"script_small\">\u00ae<\/span>  <span style=\"margin-left: 8px\">pr\u00e8s de chez vous !<\/span> <\/h2>\t\t\t\t<\/div>\n\t\t\t\t<\/div>\n\t\t\t\t<div class=\"elementor-element elementor-element-b55f067 elementor-widget elementor-widget-heading\" data-id=\"b55f067\" data-element_type=\"widget\" data-e-type=\"widget\" data-widget_type=\"heading.default\">\n\t\t\t\t<div class=\"elementor-widget-container\">\n\t\t\t\t\t<span class=\"elementor-heading-title elementor-size-default\">Nous avons plus de 120 centres \u00e0 travers le Canada !<\/span>\t\t\t\t<\/div>\n\t\t\t\t<\/div>\n\t\t\t\t<div class=\"elementor-element elementor-element-e9d4814 elementor-align-center elementor-widget elementor-widget-button\" data-id=\"e9d4814\" data-element_type=\"widget\" data-e-type=\"widget\" data-widget_type=\"button.default\">\n\t\t\t\t<div class=\"elementor-widget-container\">\n\t\t\t\t\t\t\t\t\t<div class=\"elementor-button-wrapper\">\n\t\t\t\t\t<a class=\"elementor-button elementor-button-link elementor-size-sm\" href=\"\/locations\">\n\t\t\t\t\t\t<span class=\"elementor-button-content-wrapper\">\n\t\t\t\t\t\t\t\t\t<span class=\"elementor-button-text\">Contactez un centre<\/span>\n\t\t\t\t\t<\/span>\n\t\t\t\t\t<\/a>\n\t\t\t\t<\/div>\n\t\t\t\t\t\t\t\t<\/div>\n\t\t\t\t<\/div>\n\t\t\t\t<\/div>\n\t\t<div class=\"elementor-element elementor-element-13b05e9 e-con-full e-flex e-con e-child\" data-id=\"13b05e9\" data-element_type=\"container\" data-e-type=\"container\">\n\t\t\t\t<div class=\"elementor-element elementor-element-cb3af06 elementor-widget elementor-widget-image\" data-id=\"cb3af06\" data-element_type=\"widget\" data-e-type=\"widget\" data-widget_type=\"image.default\">\n\t\t\t\t<div class=\"elementor-widget-container\">\n\t\t\t\t\t\t\t\t\t\t\t\t\t\t\t<img fetchpriority=\"high\" decoding=\"async\" width=\"800\" height=\"792\" src=\"https:\/\/olcv2dev.wpenginepowered.com\/wp-content\/uploads\/2024\/07\/location-banner-1.webp\" class=\"attachment-large size-large wp-image-990\" alt=\"\" srcset=\"https:\/\/olcv2dev.wpenginepowered.com\/wp-content\/uploads\/2024\/07\/location-banner-1.webp 820w, https:\/\/olcv2dev.wpenginepowered.com\/wp-content\/uploads\/2024\/07\/location-banner-1-300x297.webp 300w, https:\/\/olcv2dev.wpenginepowered.com\/wp-content\/uploads\/2024\/07\/location-banner-1-150x150.webp 150w, https:\/\/olcv2dev.wpenginepowered.com\/wp-content\/uploads\/2024\/07\/location-banner-1-768x761.webp 768w\" sizes=\"(max-width: 800px) 100vw, 800px\" \/>\t\t\t\t\t\t\t\t\t\t\t\t\t\t\t<\/div>\n\t\t\t\t<\/div>\n\t\t\t\t<\/div>\n\t\t\t\t\t<\/div>\n\t\t\t\t<\/div>\n\t\t\t\t<\/div>\n\t\t\t\t<\/div>\n\t\t\t\t\t\t<\/div>\n\t\t\t\t<\/div>\n\t\t\t\t<\/div>\n\t\t<div class=\"elementor-element elementor-element-5e58480 e-flex e-con-boxed e-con e-parent\" data-id=\"5e58480\" data-element_type=\"container\" data-e-type=\"container\">\n\t\t\t\t\t<div class=\"e-con-inner\">\n\t\t\t\t<div class=\"elementor-element elementor-element-921aff2 elementor-widget elementor-widget-heading\" data-id=\"921aff2\" data-element_type=\"widget\" data-e-type=\"widget\" data-widget_type=\"heading.default\">\n\t\t\t\t<div class=\"elementor-widget-container\">\n\t\t\t\t\t<h2 class=\"elementor-heading-title elementor-size-default\">Trouvez des ressources d'enrichissement suppl\u00e9mentaires ici<\/h2>\t\t\t\t<\/div>\n\t\t\t\t<\/div>\n\t\t\t\t<div class=\"elementor-element elementor-element-d9be9c2 elementor-grid-tablet-1 elementor-grid-3 elementor-grid-mobile-1 elementor-widget elementor-widget-loop-grid\" data-id=\"d9be9c2\" data-element_type=\"widget\" data-e-type=\"widget\" data-settings=\"{&quot;template_id&quot;:191,&quot;columns_tablet&quot;:1,&quot;_skin&quot;:&quot;post&quot;,&quot;columns&quot;:&quot;3&quot;,&quot;columns_mobile&quot;:&quot;1&quot;,&quot;edit_handle_selector&quot;:&quot;[data-elementor-type=\\&quot;loop-item\\&quot;]&quot;,&quot;row_gap&quot;:{&quot;unit&quot;:&quot;px&quot;,&quot;size&quot;:&quot;&quot;,&quot;sizes&quot;:[]},&quot;row_gap_laptop&quot;:{&quot;unit&quot;:&quot;px&quot;,&quot;size&quot;:&quot;&quot;,&quot;sizes&quot;:[]},&quot;row_gap_tablet&quot;:{&quot;unit&quot;:&quot;px&quot;,&quot;size&quot;:&quot;&quot;,&quot;sizes&quot;:[]},&quot;row_gap_mobile&quot;:{&quot;unit&quot;:&quot;px&quot;,&quot;size&quot;:&quot;&quot;,&quot;sizes&quot;:[]}}\" data-widget_type=\"loop-grid.post\">\n\t\t\t\t<div class=\"elementor-widget-container\">\n\t\t\t\t\t\t\t<div class=\"e-loop-nothing-found-message\">\n\t\t<\/div>\n\t\t\t\t\t\t<\/div>\n\t\t\t\t<\/div>\n\t\t\t\t<div class=\"elementor-element elementor-element-909f1db elementor-align-center elementor-widget elementor-widget-button\" data-id=\"909f1db\" data-element_type=\"widget\" data-e-type=\"widget\" data-widget_type=\"button.default\">\n\t\t\t\t<div class=\"elementor-widget-container\">\n\t\t\t\t\t\t\t\t\t<div class=\"elementor-button-wrapper\">\n\t\t\t\t\t<a class=\"elementor-button elementor-button-link elementor-size-sm\" href=\"https:\/\/olcv2dev.wpenginepowered.com\/tutoring-resources\/\">\n\t\t\t\t\t\t<span class=\"elementor-button-content-wrapper\">\n\t\t\t\t\t\t\t\t\t<span class=\"elementor-button-text\">Afficher toutes les ressources<\/span>\n\t\t\t\t\t<\/span>\n\t\t\t\t\t<\/a>\n\t\t\t\t<\/div>\n\t\t\t\t\t\t\t\t<\/div>\n\t\t\t\t<\/div>\n\t\t\t\t\t<\/div>\n\t\t\t\t<\/div>\n\t\t\t\t<\/div>\n\t\t","protected":false},"excerpt":{"rendered":"<p>Prendre de l&rsquo;avance en classe Lorsque la classe n&rsquo;offre pas assez de d\u00e9fis, le programme d&rsquo;enrichissement du Centre d\u2019apprentissage Oxford peut vous aider. Nos programmes personnalis\u00e9s sont con\u00e7us pour r\u00e9pondre aux besoins uniques de chaque enfant et progresser \u00e0 un rythme que l&rsquo;\u00e9l\u00e8ve trouve confortable \u2013 ni trop rapide, ni trop lent. Votre enfant fixe [&hellip;] [&hellip;]<\/p>\n","protected":false},"author":3,"featured_media":1061,"parent":15701,"menu_order":0,"comment_status":"closed","ping_status":"closed","template":"elementor_header_footer","meta":{"footnotes":""},"class_list":["post-15700","page","type-page","status-publish","has-post-thumbnail","hentry"],"meta_box":[],"_links":{"self":[{"href":"https:\/\/olcv2dev.wpenginepowered.com\/fr\/wp-json\/wp\/v2\/pages\/15700","targetHints":{"allow":["GET"]}}],"collection":[{"href":"https:\/\/olcv2dev.wpenginepowered.com\/fr\/wp-json\/wp\/v2\/pages"}],"about":[{"href":"https:\/\/olcv2dev.wpenginepowered.com\/fr\/wp-json\/wp\/v2\/types\/page"}],"author":[{"embeddable":true,"href":"https:\/\/olcv2dev.wpenginepowered.com\/fr\/wp-json\/wp\/v2\/users\/3"}],"replies":[{"embeddable":true,"href":"https:\/\/olcv2dev.wpenginepowered.com\/fr\/wp-json\/wp\/v2\/comments?post=15700"}],"version-history":[{"count":0,"href":"https:\/\/olcv2dev.wpenginepowered.com\/fr\/wp-json\/wp\/v2\/pages\/15700\/revisions"}],"up":[{"embeddable":true,"href":"https:\/\/olcv2dev.wpenginepowered.com\/fr\/wp-json\/wp\/v2\/pages\/15701"}],"wp:featuredmedia":[{"embeddable":true,"href":"https:\/\/olcv2dev.wpenginepowered.com\/fr\/wp-json\/wp\/v2\/media\/1061"}],"wp:attachment":[{"href":"https:\/\/olcv2dev.wpenginepowered.com\/fr\/wp-json\/wp\/v2\/media?parent=15700"}],"curies":[{"name":"wp","href":"https:\/\/api.w.org\/{rel}","templated":true}]}}